{"id":15948,"date":"2023-12-21T11:05:16","date_gmt":"2023-12-21T11:05:16","guid":{"rendered":"https:\/\/www.rapsel.it\/?page_id=15948"},"modified":"2024-03-26T17:57:06","modified_gmt":"2024-03-26T17:57:06","slug":"shiro-kuramata-2","status":"publish","type":"page","link":"https:\/\/www.rapsel.it\/en\/shiro-kuramata-2\/","title":{"rendered":"Shiro Kuramata"},"content":{"rendered":"<div data-elementor-type=\"wp-page\" data-elementor-id=\"15948\" class=\"elementor elementor-15948\">\n\t\t\t\t\t\t<section class=\"elementor-section elementor-top-section elementor-element elementor-element-a9986a1 elementor-section-full_width elementor-section-height-default elementor-section-height-default qodef-elementor-content-no\" data-id=\"a9986a1\" data-element_type=\"section\" data-e-type=\"section\" data-settings=\"{&quot;background_background&quot;:&quot;classic&quot;}\">\n\t\t\t\t\t\t<div class=\"elementor-container elementor-column-gap-default\">\n\t\t\t\t\t<div class=\"elementor-column elementor-col-50 elementor-top-column elementor-element elementor-element-35ff6db\" data-id=\"35ff6db\" data-element_type=\"column\" data-e-type=\"column\">\n\t\t\t<div class=\"elementor-widget-wrap elementor-element-populated\">\n\t\t\t\t\t\t<div class=\"elementor-element elementor-element-c05442a elementor-widget elementor-widget-spacer\" data-id=\"c05442a\" data-element_type=\"widget\" data-e-type=\"widget\" data-widget_type=\"spacer.default\">\n\t\t\t\t<div class=\"elementor-widget-container\">\n\t\t\t\t\t\t\t<div class=\"elementor-spacer\">\n\t\t\t<div class=\"elementor-spacer-inner\"><\/div>\n\t\t<\/div>\n\t\t\t\t\t\t<\/div>\n\t\t\t\t<\/div>\n\t\t\t\t<div class=\"elementor-element elementor-element-c2e6728 elementor-invisible elementor-widget elementor-widget-archicon_core_icon_with_text\" data-id=\"c2e6728\" data-element_type=\"widget\" data-e-type=\"widget\" data-settings=\"{&quot;_animation&quot;:&quot;fadeInLeft&quot;}\" data-widget_type=\"archicon_core_icon_with_text.default\">\n\t\t\t\t<div class=\"elementor-widget-container\">\n\t\t\t\t\t<div class=\"qodef-shortcode qodef-m  qodef-icon-with-text qodef-layout--before-content qodef--icon-pack\">\n\t<div class=\"qodef-m-icon-wrapper\" >\n\t\t<span class=\"qodef-shortcode qodef-m  qodef-icon-holder qodef-size--small qodef-layout--normal\"  >\t\t\t<a itemprop=\"url\" href=\"\/en\/designers\/\" target=\"_self\">\t\t\t<span class=\"qodef-icon-elegant-icons arrow_left qodef-icon qodef-e\" style=\"color: #FFFFFF\" ><\/span>\t\t\t<\/a>\t<\/span>\t<\/div>\n\t<div class=\"qodef-m-content\">\n\t\t\t<h5 class=\"qodef-m-title\" style=\"color: #FFFFFF\">\n\t\t\t\t\t<a itemprop=\"url\" href=\"\/en\/designers\/\" target=\"_self\">\n\t\t\t\t\t<span class=\"qodef-m-title-text\">Designers<\/span>\n\t\t\t\t\t<\/a>\n\t\t\t<\/h5>\n\t\t\t<\/div>\n<\/div>\n\t\t\t\t<\/div>\n\t\t\t\t<\/div>\n\t\t\t\t<div class=\"elementor-element elementor-element-0524d62 elementor-widget elementor-widget-archicon_core_section_title\" data-id=\"0524d62\" data-element_type=\"widget\" data-e-type=\"widget\" data-widget_type=\"archicon_core_section_title.default\">\n\t\t\t\t<div class=\"elementor-widget-container\">\n\t\t\t\t\t<div class=\"qodef-shortcode qodef-m  qodef-section-title qodef-alignment--left\"  >\n\t\t\t<h1 class=\"qodef-m-title\" style=\"color: #FFFFFF\">\n\t<span class=\"qodef-m-title-inner\" style=\"--qodef-st-custom-ls: -0.08em\">\n\t\t\tShiro<br \/> <span class=\"qodef-m-highlight-text\" ><span class=\"qodef--original\">Kuramata<\/span><span class=\"qodef--fake\" >Kuramata<\/span><\/span>\t\t<\/span>\n\t<\/h1>\n\t\t<\/div>\n\t\t\t\t<\/div>\n\t\t\t\t<\/div>\n\t\t\t\t<div class=\"elementor-element elementor-element-4e89b10 elementor-widget elementor-widget-spacer\" data-id=\"4e89b10\" data-element_type=\"widget\" data-e-type=\"widget\" data-widget_type=\"spacer.default\">\n\t\t\t\t<div class=\"elementor-widget-container\">\n\t\t\t\t\t\t\t<div class=\"elementor-spacer\">\n\t\t\t<div class=\"elementor-spacer-inner\"><\/div>\n\t\t<\/div>\n\t\t\t\t\t\t<\/div>\n\t\t\t\t<\/div>\n\t\t\t\t<div class=\"elementor-element elementor-element-a8be3a7 elementor-widget elementor-widget-archicon_core_icon_with_text\" data-id=\"a8be3a7\" data-element_type=\"widget\" data-e-type=\"widget\" data-widget_type=\"archicon_core_icon_with_text.default\">\n\t\t\t\t<div class=\"elementor-widget-container\">\n\t\t\t\t\t<div class=\"qodef-shortcode qodef-m  qodef-icon-with-text qodef-layout--top qodef--custom-icon  qodef-alignment--left\">\n\t<div class=\"qodef-m-icon-wrapper\">\n\t\t\t\t\t<img decoding=\"async\" width=\"114\" height=\"115\" src=\"https:\/\/www.rapsel.it\/wp-content\/uploads\/2022\/04\/Group-1687.svg\" class=\"attachment-full size-full\" alt=\"d\" \/>\t\t<\/div>\n\t<div class=\"qodef-m-content\">\n\t\t\t\t\t<\/div>\n<\/div>\n\t\t\t\t<\/div>\n\t\t\t\t<\/div>\n\t\t\t\t<div class=\"elementor-element elementor-element-fdd52bf elementor-invisible elementor-widget elementor-widget-text-editor\" data-id=\"fdd52bf\" data-element_type=\"widget\" data-e-type=\"widget\" data-settings=\"{&quot;_animation&quot;:&quot;fadeInUp&quot;}\" data-widget_type=\"text-editor.default\">\n\t\t\t\t<div class=\"elementor-widget-container\">\n\t\t\t\t\t\t\t\t\t<h4 data-sourcepos=\"3:1-3:176\"><span style=\"color: #ffffff;\">Shiro Kuramata \u00e8 stato un designer giapponese nato a Tokyo nel 1934 e morto nella stessa citt\u00e0 nel 1991. \u00c8 considerato uno dei pi\u00f9 importanti designer giapponesi del XX secolo.<\/span><\/h4><h4 data-sourcepos=\"5:1-5:229\"><span style=\"color: #ffffff;\">Kuramata ha studiato arte e design al Kuwasawa Design Institute di Tokyo, dove si \u00e8 laureato nel 1958. Dopo la laurea, ha lavorato come designer freelance per diversi anni. Nel 1965, ha fondato il Kuramata Design Office di Tokyo.<\/span><\/h4><h4 data-sourcepos=\"7:1-7:293\"><span style=\"color: #ffffff;\">Il lavoro di Kuramata \u00e8 caratterizzato da un approccio innovativo e sperimentale, che combina l&#8217;estetica con la funzionalit\u00e0. I suoi progetti sono spesso ispirati alla cultura giapponese e alla tradizione artigianale, e si concentrano sulla creazione di oggetti che siano belli, utili e unici.<\/span><\/h4><h4 data-sourcepos=\"9:1-9:63\"><span style=\"color: #ffffff;\">Alcuni dei progetti pi\u00f9 importanti di Shiro Kuramata includono:<\/span><\/h4><ul data-sourcepos=\"11:1-17:0\"><li data-sourcepos=\"11:1-12:54\"><h4 data-sourcepos=\"11:3-12:54\"><span style=\"color: #ffffff;\">La sedia &#8220;How High the Moon&#8221; (1986)<\/span><\/h4><\/li><li data-sourcepos=\"13:1-14:0\"><h4 data-sourcepos=\"13:3-13:31\"><span style=\"color: #ffffff;\">Il tavolino &#8220;Kiki&#8221; (1988)<\/span><\/h4><\/li><li data-sourcepos=\"15:1-17:0\"><h4 data-sourcepos=\"15:3-15:38\"><span style=\"color: #ffffff;\">La libreria &#8220;Free Spirit&#8221; (1989)<\/span><\/h4><\/li><\/ul><h4 data-sourcepos=\"18:1-18:217\"><span style=\"color: #ffffff;\">Kuramata ha ricevuto numerosi premi per il suo lavoro, tra cui il Premio Mainichi del Design nel 1986 per la sedia &#8220;How High the Moon&#8221;. \u00c8 stato anche invitato a partecipare a numerose mostre e convegni internazionali.<\/span><\/h4><h4 data-sourcepos=\"20:1-20:145\"><span style=\"color: #ffffff;\">I suoi progetti sono stati pubblicati su riviste e libri di design di tutto il mondo, e hanno contribuito a definire lo stile del design moderno.<\/span><\/h4><h4 data-sourcepos=\"22:1-22:320\"><span style=\"color: #ffffff;\">Kuramata era un designer visionario che credeva nel potere del design di creare oggetti che fossero sia esteticamente piacevoli che funzionali. I suoi progetti sono un esempio di come l&#8217;estetica, la funzionalit\u00e0 e l&#8217;unicit\u00e0 possano essere combinate per creare oggetti che siano belli, utili e piacevoli da possedere.<\/span><\/h4><h4 data-sourcepos=\"24:1-24:213\"><span style=\"color: #ffffff;\">In particolare, il lavoro di Kuramata si distingue per l&#8217;uso di materiali innovativi e per l&#8217;attenzione ai dettagli. I suoi progetti sono spesso caratterizzati da forme geometriche e da un uso sapiente della luce.<\/span><\/h4><h4 data-sourcepos=\"26:1-26:153\"><span style=\"color: #ffffff;\">Kuramata \u00e8 un designer che \u00e8 ancora oggi fonte di ispirazione per tutti coloro che credono nel potere del design di migliorare la vita delle persone.<\/span><\/h4>\t\t\t\t\t\t\t\t<\/div>\n\t\t\t\t<\/div>\n\t\t\t\t<div class=\"elementor-element elementor-element-c95bea5 elementor-widget elementor-widget-spacer\" data-id=\"c95bea5\" data-element_type=\"widget\" data-e-type=\"widget\" data-widget_type=\"spacer.default\">\n\t\t\t\t<div class=\"elementor-widget-container\">\n\t\t\t\t\t\t\t<div class=\"elementor-spacer\">\n\t\t\t<div class=\"elementor-spacer-inner\"><\/div>\n\t\t<\/div>\n\t\t\t\t\t\t<\/div>\n\t\t\t\t<\/div>\n\t\t\t\t\t<\/div>\n\t\t<\/div>\n\t\t\t\t<div class=\"elementor-column elementor-col-50 elementor-top-column elementor-element elementor-element-b316975 qodef-sticky-column\" data-id=\"b316975\" data-element_type=\"column\" data-e-type=\"column\" data-settings=\"{&quot;background_background&quot;:&quot;classic&quot;}\">\n\t\t\t<div class=\"elementor-widget-wrap elementor-element-populated\">\n\t\t\t\t\t\t<div class=\"elementor-element elementor-element-2e9e9ae elementor-widget elementor-widget-spacer\" data-id=\"2e9e9ae\" data-element_type=\"widget\" data-e-type=\"widget\" data-widget_type=\"spacer.default\">\n\t\t\t\t<div class=\"elementor-widget-container\">\n\t\t\t\t\t\t\t<div class=\"elementor-spacer\">\n\t\t\t<div class=\"elementor-spacer-inner\"><\/div>\n\t\t<\/div>\n\t\t\t\t\t\t<\/div>\n\t\t\t\t<\/div>\n\t\t\t\t\t<\/div>\n\t\t<\/div>\n\t\t\t\t\t<\/div>\n\t\t<\/section>\n\t\t\t\t<\/div>","protected":false},"excerpt":{"rendered":"<p>Designers Shiro KuramataKuramata Shiro Kuramata \u00e8 stato un designer giapponese nato a Tokyo nel 1934 e morto nella stessa citt\u00e0 nel 1991. \u00c8 considerato uno dei pi\u00f9 importanti designer giapponesi del XX secolo. Kuramata ha studiato arte e design al Kuwasawa Design Institute di Tokyo, dove si \u00e8 laureato nel 1958. Dopo la laurea, ha [&hellip;]<\/p>\n","protected":false},"author":1,"featured_media":0,"parent":0,"menu_order":0,"comment_status":"closed","ping_status":"closed","template":"page-full-width.php","meta":{"_coblocks_attr":"","_coblocks_dimensions":"","_coblocks_responsive_height":"","_coblocks_accordion_ie_support":"","om_disable_all_campaigns":false,"_monsterinsights_skip_tracking":false,"_monsterinsights_sitenote_active":false,"_monsterinsights_sitenote_note":"","_monsterinsights_sitenote_category":0,"footnotes":""},"class_list":["post-15948","page","type-page","status-publish","hentry"],"aioseo_notices":[],"_links":{"self":[{"href":"https:\/\/www.rapsel.it\/en\/wp-json\/wp\/v2\/pages\/15948","targetHints":{"allow":["GET"]}}],"collection":[{"href":"https:\/\/www.rapsel.it\/en\/wp-json\/wp\/v2\/pages"}],"about":[{"href":"https:\/\/www.rapsel.it\/en\/wp-json\/wp\/v2\/types\/page"}],"author":[{"embeddable":true,"href":"https:\/\/www.rapsel.it\/en\/wp-json\/wp\/v2\/users\/1"}],"replies":[{"embeddable":true,"href":"https:\/\/www.rapsel.it\/en\/wp-json\/wp\/v2\/comments?post=15948"}],"version-history":[{"count":10,"href":"https:\/\/www.rapsel.it\/en\/wp-json\/wp\/v2\/pages\/15948\/revisions"}],"predecessor-version":[{"id":16205,"href":"https:\/\/www.rapsel.it\/en\/wp-json\/wp\/v2\/pages\/15948\/revisions\/16205"}],"wp:attachment":[{"href":"https:\/\/www.rapsel.it\/en\/wp-json\/wp\/v2\/media?parent=15948"}],"curies":[{"name":"wp","href":"https:\/\/api.w.org\/{rel}","templated":true}]}}