{"id":15922,"date":"2023-12-22T11:03:02","date_gmt":"2023-12-22T11:03:02","guid":{"rendered":"https:\/\/www.rapsel.it\/?page_id=15922"},"modified":"2024-03-26T18:00:14","modified_gmt":"2024-03-26T18:00:14","slug":"adri-hazebroek-2","status":"publish","type":"page","link":"https:\/\/www.rapsel.it\/en\/adri-hazebroek-2\/","title":{"rendered":"Adri Hazebroek"},"content":{"rendered":"<div data-elementor-type=\"wp-page\" data-elementor-id=\"15922\" class=\"elementor elementor-15922\">\n\t\t\t\t\t\t<section class=\"elementor-section elementor-top-section elementor-element elementor-element-a9986a1 elementor-section-full_width elementor-section-height-default elementor-section-height-default qodef-elementor-content-no\" data-id=\"a9986a1\" data-element_type=\"section\" data-e-type=\"section\" data-settings=\"{&quot;background_background&quot;:&quot;classic&quot;}\">\n\t\t\t\t\t\t<div class=\"elementor-container elementor-column-gap-default\">\n\t\t\t\t\t<div class=\"elementor-column elementor-col-50 elementor-top-column elementor-element elementor-element-35ff6db\" data-id=\"35ff6db\" data-element_type=\"column\" data-e-type=\"column\">\n\t\t\t<div class=\"elementor-widget-wrap elementor-element-populated\">\n\t\t\t\t\t\t<div class=\"elementor-element elementor-element-c05442a elementor-widget elementor-widget-spacer\" data-id=\"c05442a\" data-element_type=\"widget\" data-e-type=\"widget\" data-widget_type=\"spacer.default\">\n\t\t\t\t<div class=\"elementor-widget-container\">\n\t\t\t\t\t\t\t<div class=\"elementor-spacer\">\n\t\t\t<div class=\"elementor-spacer-inner\"><\/div>\n\t\t<\/div>\n\t\t\t\t\t\t<\/div>\n\t\t\t\t<\/div>\n\t\t\t\t<div class=\"elementor-element elementor-element-c2e6728 elementor-invisible elementor-widget elementor-widget-archicon_core_icon_with_text\" data-id=\"c2e6728\" data-element_type=\"widget\" data-e-type=\"widget\" data-settings=\"{&quot;_animation&quot;:&quot;fadeInLeft&quot;}\" data-widget_type=\"archicon_core_icon_with_text.default\">\n\t\t\t\t<div class=\"elementor-widget-container\">\n\t\t\t\t\t<div class=\"qodef-shortcode qodef-m  qodef-icon-with-text qodef-layout--before-content qodef--icon-pack\">\n\t<div class=\"qodef-m-icon-wrapper\" >\n\t\t<span class=\"qodef-shortcode qodef-m  qodef-icon-holder qodef-size--small qodef-layout--normal\"  >\t\t\t<a itemprop=\"url\" href=\"\/en\/designers\/\" target=\"_self\">\t\t\t<span class=\"qodef-icon-elegant-icons arrow_left qodef-icon qodef-e\" style=\"color: #FFFFFF\" ><\/span>\t\t\t<\/a>\t<\/span>\t<\/div>\n\t<div class=\"qodef-m-content\">\n\t\t\t<h5 class=\"qodef-m-title\" style=\"color: #FFFFFF\">\n\t\t\t\t\t<a itemprop=\"url\" href=\"\/en\/designers\/\" target=\"_self\">\n\t\t\t\t\t<span class=\"qodef-m-title-text\">Designers<\/span>\n\t\t\t\t\t<\/a>\n\t\t\t<\/h5>\n\t\t\t<\/div>\n<\/div>\n\t\t\t\t<\/div>\n\t\t\t\t<\/div>\n\t\t\t\t<div class=\"elementor-element elementor-element-0524d62 elementor-widget elementor-widget-archicon_core_section_title\" data-id=\"0524d62\" data-element_type=\"widget\" data-e-type=\"widget\" data-widget_type=\"archicon_core_section_title.default\">\n\t\t\t\t<div class=\"elementor-widget-container\">\n\t\t\t\t\t<div class=\"qodef-shortcode qodef-m  qodef-section-title qodef-alignment--left\"  >\n\t\t\t<h1 class=\"qodef-m-title\" style=\"color: #FFFFFF\">\n\t<span class=\"qodef-m-title-inner\" style=\"--qodef-st-custom-ls: -0.08em\">\n\t\t\tAdri<br \/> <span class=\"qodef-m-highlight-text\" ><span class=\"qodef--original\">Hazebroek<\/span><span class=\"qodef--fake\" >Hazebroek<\/span><\/span>\t\t<\/span>\n\t<\/h1>\n\t\t<\/div>\n\t\t\t\t<\/div>\n\t\t\t\t<\/div>\n\t\t\t\t<div class=\"elementor-element elementor-element-4e89b10 elementor-widget elementor-widget-spacer\" data-id=\"4e89b10\" data-element_type=\"widget\" data-e-type=\"widget\" data-widget_type=\"spacer.default\">\n\t\t\t\t<div class=\"elementor-widget-container\">\n\t\t\t\t\t\t\t<div class=\"elementor-spacer\">\n\t\t\t<div class=\"elementor-spacer-inner\"><\/div>\n\t\t<\/div>\n\t\t\t\t\t\t<\/div>\n\t\t\t\t<\/div>\n\t\t\t\t<div class=\"elementor-element elementor-element-a8be3a7 elementor-widget elementor-widget-archicon_core_icon_with_text\" data-id=\"a8be3a7\" data-element_type=\"widget\" data-e-type=\"widget\" data-widget_type=\"archicon_core_icon_with_text.default\">\n\t\t\t\t<div class=\"elementor-widget-container\">\n\t\t\t\t\t<div class=\"qodef-shortcode qodef-m  qodef-icon-with-text qodef-layout--top qodef--custom-icon  qodef-alignment--left\">\n\t<div class=\"qodef-m-icon-wrapper\">\n\t\t\t\t\t<img decoding=\"async\" width=\"114\" height=\"115\" src=\"https:\/\/www.rapsel.it\/wp-content\/uploads\/2022\/04\/Group-1687.svg\" class=\"attachment-full size-full\" alt=\"d\" \/>\t\t<\/div>\n\t<div class=\"qodef-m-content\">\n\t\t\t\t\t<\/div>\n<\/div>\n\t\t\t\t<\/div>\n\t\t\t\t<\/div>\n\t\t\t\t<div class=\"elementor-element elementor-element-fdd52bf elementor-invisible elementor-widget elementor-widget-text-editor\" data-id=\"fdd52bf\" data-element_type=\"widget\" data-e-type=\"widget\" data-settings=\"{&quot;_animation&quot;:&quot;fadeInUp&quot;}\" data-widget_type=\"text-editor.default\">\n\t\t\t\t<div class=\"elementor-widget-container\">\n\t\t\t\t\t\t\t\t\t<h4 data-sourcepos=\"3:1-3:161\"><span style=\"color: #ffffff;\">Adri Hazebroek \u00e8 un interior designer olandese nato ad Amsterdam nel 1965. Si laurea in Interior Design presso la Gerrit Rietveld Academie di Amsterdam nel 1990.<\/span><\/h4><h4 data-sourcepos=\"5:1-5:173\"><span style=\"color: #ffffff;\">Dopo la laurea, Hazebroek lavora come designer freelance per diversi anni. Nel 1998, fonda il suo studio di interior design, Adri Hazebroek Interiors, con sede ad Amsterdam.<\/span><\/h4><h4 data-sourcepos=\"7:1-7:306\"><span style=\"color: #ffffff;\">Il lavoro di Hazebroek \u00e8 caratterizzato da un approccio olistico all&#8217;interior design, che combina l&#8217;estetica con la funzionalit\u00e0 e la sostenibilit\u00e0. I suoi progetti sono spesso ispirati alla natura e alla cultura, e si concentrano sulla creazione di spazi che siano belli, utili e rispettosi dell&#8217;ambiente.<\/span><\/h4><h4 data-sourcepos=\"9:1-9:63\"><span style=\"color: #ffffff;\">Alcuni dei progetti pi\u00f9 importanti di Adri Hazebroek includono:<\/span><\/h4><ul data-sourcepos=\"11:1-17:0\"><li data-sourcepos=\"11:1-12:0\"><h4 data-sourcepos=\"11:3-11:48\"><span style=\"color: #ffffff;\">Il ristorante &#8220;De Kas&#8221; ad Amsterdam (2010)<\/span><\/h4><\/li><li data-sourcepos=\"13:1-14:0\"><h4 data-sourcepos=\"13:3-13:46\"><span style=\"color: #ffffff;\">L&#8217;hotel &#8220;The Hoxton&#8221; ad Amsterdam (2015)<\/span><\/h4><\/li><li data-sourcepos=\"15:1-17:0\"><h4 data-sourcepos=\"15:3-15:44\"><span style=\"color: #ffffff;\">L&#8217;ufficio &#8220;Google&#8221; ad Amsterdam (2020)<\/span><\/h4><\/li><\/ul><h4 data-sourcepos=\"18:1-18:244\"><span style=\"color: #ffffff;\">Hazebroek ha ricevuto numerosi premi per il suo lavoro, tra cui il Premio Elle Decoration International Interior Design Award nel 2011 per il ristorante &#8220;De Kas&#8221;. \u00c8 stata anche invitata a partecipare a numerose mostre e convegni internazionali.<\/span><\/h4><h4 data-sourcepos=\"20:1-20:179\"><span style=\"color: #ffffff;\">I suoi progetti sono stati pubblicati su riviste e libri di interior design di tutto il mondo, e hanno contribuito a definire lo stile dell&#8217;interior design contemporaneo olandese.<\/span><\/h4><h4 data-sourcepos=\"22:1-22:306\"><span style=\"color: #ffffff;\">Hazebroek \u00e8 un&#8217;interior designer visionaria che crede nel potere dell&#8217;interior design di migliorare la vita delle persone. I suoi progetti sono un esempio di come l&#8217;estetica, la funzionalit\u00e0 e la sostenibilit\u00e0 possano essere combinate per creare spazi che siano belli, utili e rispettosi dell&#8217;ambiente.<\/span><\/h4><h4 data-sourcepos=\"24:1-24:250\"><span style=\"color: #ffffff;\">In particolare, il lavoro di Hazebroek si distingue per l&#8217;uso innovativo dei materiali e delle tecnologie. Hazebroek \u00e8 sempre alla ricerca di nuove soluzioni che possano migliorare l&#8217;estetica, la funzionalit\u00e0 e la sostenibilit\u00e0 dei suoi progetti.<\/span><\/h4><h4 data-sourcepos=\"26:1-26:353\"><span style=\"color: #ffffff;\">Ad esempio, il ristorante &#8220;De Kas&#8221; \u00e8 realizzato in vetro e acciaio, e si caratterizza per un design moderno e sostenibile. L&#8217;hotel &#8220;The Hoxton&#8221; \u00e8 invece realizzato in legno e pietra, e si caratterizza per un design caldo e accogliente. L&#8217;ufficio &#8220;Google&#8221; \u00e8 invece realizzato in cemento e vetro, e si caratterizza per un design dinamico e innovativo.<\/span><\/h4><h4 data-sourcepos=\"28:1-28:230\"><span style=\"color: #ffffff;\">Hazebroek \u00e8 un&#8217;interior designer che \u00e8 sempre alla ricerca di nuovi stimoli e nuove sfide. I suoi progetti sono un&#8217;ispirazione per tutti coloro che credono nel potere dell&#8217;interior design di rendere il mondo un posto migliore.<\/span><\/h4><h4><span style=\"color: #ffffff;\">L&#8217;interior designer Adri Hazebroek \u00e8 attivo nel mondo dei sanitari da pi\u00f9 di venticinque anni. Vari modelli come Handwater in vetro, Handaqua in acciaio inox e la colonna doccia Cobra sono venduti in tutto il mondo nel circuito dei bagni di design. Il suo ultimo design \u00e8 la serie di rubinetti ultraminimalista &#8220;STICK&#8221;<\/span><\/h4>\t\t\t\t\t\t\t\t<\/div>\n\t\t\t\t<\/div>\n\t\t\t\t<div class=\"elementor-element elementor-element-c95bea5 elementor-widget elementor-widget-spacer\" data-id=\"c95bea5\" data-element_type=\"widget\" data-e-type=\"widget\" data-widget_type=\"spacer.default\">\n\t\t\t\t<div class=\"elementor-widget-container\">\n\t\t\t\t\t\t\t<div class=\"elementor-spacer\">\n\t\t\t<div class=\"elementor-spacer-inner\"><\/div>\n\t\t<\/div>\n\t\t\t\t\t\t<\/div>\n\t\t\t\t<\/div>\n\t\t\t\t\t<\/div>\n\t\t<\/div>\n\t\t\t\t<div class=\"elementor-column elementor-col-50 elementor-top-column elementor-element elementor-element-b316975 qodef-sticky-column\" data-id=\"b316975\" data-element_type=\"column\" data-e-type=\"column\" data-settings=\"{&quot;background_background&quot;:&quot;classic&quot;}\">\n\t\t\t<div class=\"elementor-widget-wrap elementor-element-populated\">\n\t\t\t\t\t\t<div class=\"elementor-element elementor-element-2e9e9ae elementor-widget elementor-widget-spacer\" data-id=\"2e9e9ae\" data-element_type=\"widget\" data-e-type=\"widget\" data-widget_type=\"spacer.default\">\n\t\t\t\t<div class=\"elementor-widget-container\">\n\t\t\t\t\t\t\t<div class=\"elementor-spacer\">\n\t\t\t<div class=\"elementor-spacer-inner\"><\/div>\n\t\t<\/div>\n\t\t\t\t\t\t<\/div>\n\t\t\t\t<\/div>\n\t\t\t\t\t<\/div>\n\t\t<\/div>\n\t\t\t\t\t<\/div>\n\t\t<\/section>\n\t\t\t\t<\/div>","protected":false},"excerpt":{"rendered":"<p>Designers Adri HazebroekHazebroek Adri Hazebroek \u00e8 un interior designer olandese nato ad Amsterdam nel 1965. Si laurea in Interior Design presso la Gerrit Rietveld Academie di Amsterdam nel 1990. Dopo la laurea, Hazebroek lavora come designer freelance per diversi anni. Nel 1998, fonda il suo studio di interior design, Adri Hazebroek Interiors, con sede ad [&hellip;]<\/p>\n","protected":false},"author":1,"featured_media":0,"parent":0,"menu_order":0,"comment_status":"closed","ping_status":"closed","template":"page-full-width.php","meta":{"_coblocks_attr":"","_coblocks_dimensions":"","_coblocks_responsive_height":"","_coblocks_accordion_ie_support":"","om_disable_all_campaigns":false,"_monsterinsights_skip_tracking":false,"_monsterinsights_sitenote_active":false,"_monsterinsights_sitenote_note":"","_monsterinsights_sitenote_category":0,"footnotes":""},"class_list":["post-15922","page","type-page","status-publish","hentry"],"aioseo_notices":[],"_links":{"self":[{"href":"https:\/\/www.rapsel.it\/en\/wp-json\/wp\/v2\/pages\/15922","targetHints":{"allow":["GET"]}}],"collection":[{"href":"https:\/\/www.rapsel.it\/en\/wp-json\/wp\/v2\/pages"}],"about":[{"href":"https:\/\/www.rapsel.it\/en\/wp-json\/wp\/v2\/types\/page"}],"author":[{"embeddable":true,"href":"https:\/\/www.rapsel.it\/en\/wp-json\/wp\/v2\/users\/1"}],"replies":[{"embeddable":true,"href":"https:\/\/www.rapsel.it\/en\/wp-json\/wp\/v2\/comments?post=15922"}],"version-history":[{"count":7,"href":"https:\/\/www.rapsel.it\/en\/wp-json\/wp\/v2\/pages\/15922\/revisions"}],"predecessor-version":[{"id":16100,"href":"https:\/\/www.rapsel.it\/en\/wp-json\/wp\/v2\/pages\/15922\/revisions\/16100"}],"wp:attachment":[{"href":"https:\/\/www.rapsel.it\/en\/wp-json\/wp\/v2\/media?parent=15922"}],"curies":[{"name":"wp","href":"https:\/\/api.w.org\/{rel}","templated":true}]}}