{"id":15917,"date":"2023-12-22T09:51:55","date_gmt":"2023-12-22T09:51:55","guid":{"rendered":"https:\/\/www.rapsel.it\/?page_id=15917"},"modified":"2024-03-26T17:59:42","modified_gmt":"2024-03-26T17:59:42","slug":"javier-tapidor-2","status":"publish","type":"page","link":"https:\/\/www.rapsel.it\/en\/javier-tapidor-2\/","title":{"rendered":"Javier Tapidor"},"content":{"rendered":"<div data-elementor-type=\"wp-page\" data-elementor-id=\"15917\" class=\"elementor elementor-15917\">\n\t\t\t\t\t\t<section class=\"elementor-section elementor-top-section elementor-element elementor-element-a9986a1 elementor-section-full_width elementor-section-height-default elementor-section-height-default qodef-elementor-content-no\" data-id=\"a9986a1\" data-element_type=\"section\" data-e-type=\"section\" data-settings=\"{&quot;background_background&quot;:&quot;classic&quot;}\">\n\t\t\t\t\t\t<div class=\"elementor-container elementor-column-gap-default\">\n\t\t\t\t\t<div class=\"elementor-column elementor-col-50 elementor-top-column elementor-element elementor-element-35ff6db\" data-id=\"35ff6db\" data-element_type=\"column\" data-e-type=\"column\">\n\t\t\t<div class=\"elementor-widget-wrap elementor-element-populated\">\n\t\t\t\t\t\t<div class=\"elementor-element elementor-element-c05442a elementor-widget elementor-widget-spacer\" data-id=\"c05442a\" data-element_type=\"widget\" data-e-type=\"widget\" data-widget_type=\"spacer.default\">\n\t\t\t\t<div class=\"elementor-widget-container\">\n\t\t\t\t\t\t\t<div class=\"elementor-spacer\">\n\t\t\t<div class=\"elementor-spacer-inner\"><\/div>\n\t\t<\/div>\n\t\t\t\t\t\t<\/div>\n\t\t\t\t<\/div>\n\t\t\t\t<div class=\"elementor-element elementor-element-c2e6728 elementor-invisible elementor-widget elementor-widget-archicon_core_icon_with_text\" data-id=\"c2e6728\" data-element_type=\"widget\" data-e-type=\"widget\" data-settings=\"{&quot;_animation&quot;:&quot;fadeInLeft&quot;}\" data-widget_type=\"archicon_core_icon_with_text.default\">\n\t\t\t\t<div class=\"elementor-widget-container\">\n\t\t\t\t\t<div class=\"qodef-shortcode qodef-m  qodef-icon-with-text qodef-layout--before-content qodef--icon-pack\">\n\t<div class=\"qodef-m-icon-wrapper\" >\n\t\t<span class=\"qodef-shortcode qodef-m  qodef-icon-holder qodef-size--small qodef-layout--normal\"  >\t\t\t<a itemprop=\"url\" href=\"\/en\/designers\/\" target=\"_self\">\t\t\t<span class=\"qodef-icon-elegant-icons arrow_left qodef-icon qodef-e\" style=\"color: #FFFFFF\" ><\/span>\t\t\t<\/a>\t<\/span>\t<\/div>\n\t<div class=\"qodef-m-content\">\n\t\t\t<h5 class=\"qodef-m-title\" style=\"color: #FFFFFF\">\n\t\t\t\t\t<a itemprop=\"url\" href=\"\/en\/designers\/\" target=\"_self\">\n\t\t\t\t\t<span class=\"qodef-m-title-text\">Designers<\/span>\n\t\t\t\t\t<\/a>\n\t\t\t<\/h5>\n\t\t\t<\/div>\n<\/div>\n\t\t\t\t<\/div>\n\t\t\t\t<\/div>\n\t\t\t\t<div class=\"elementor-element elementor-element-0524d62 elementor-widget elementor-widget-archicon_core_section_title\" data-id=\"0524d62\" data-element_type=\"widget\" data-e-type=\"widget\" data-widget_type=\"archicon_core_section_title.default\">\n\t\t\t\t<div class=\"elementor-widget-container\">\n\t\t\t\t\t<div class=\"qodef-shortcode qodef-m  qodef-section-title qodef-alignment--left\"  >\n\t\t\t<h1 class=\"qodef-m-title\" style=\"color: #FFFFFF\">\n\t<span class=\"qodef-m-title-inner\" style=\"--qodef-st-custom-ls: -0.08em\">\n\t\t\tJavier<br \/> <span class=\"qodef-m-highlight-text\" ><span class=\"qodef--original\">Tapidor<\/span><span class=\"qodef--fake\" >Tapidor<\/span><\/span>\t\t<\/span>\n\t<\/h1>\n\t\t<\/div>\n\t\t\t\t<\/div>\n\t\t\t\t<\/div>\n\t\t\t\t<div class=\"elementor-element elementor-element-4e89b10 elementor-widget elementor-widget-spacer\" data-id=\"4e89b10\" data-element_type=\"widget\" data-e-type=\"widget\" data-widget_type=\"spacer.default\">\n\t\t\t\t<div class=\"elementor-widget-container\">\n\t\t\t\t\t\t\t<div class=\"elementor-spacer\">\n\t\t\t<div class=\"elementor-spacer-inner\"><\/div>\n\t\t<\/div>\n\t\t\t\t\t\t<\/div>\n\t\t\t\t<\/div>\n\t\t\t\t<div class=\"elementor-element elementor-element-a8be3a7 elementor-widget elementor-widget-archicon_core_icon_with_text\" data-id=\"a8be3a7\" data-element_type=\"widget\" data-e-type=\"widget\" data-widget_type=\"archicon_core_icon_with_text.default\">\n\t\t\t\t<div class=\"elementor-widget-container\">\n\t\t\t\t\t<div class=\"qodef-shortcode qodef-m  qodef-icon-with-text qodef-layout--top qodef--custom-icon  qodef-alignment--left\">\n\t<div class=\"qodef-m-icon-wrapper\">\n\t\t\t\t\t<img decoding=\"async\" width=\"114\" height=\"115\" src=\"https:\/\/www.rapsel.it\/wp-content\/uploads\/2022\/04\/Group-1687.svg\" class=\"attachment-full size-full\" alt=\"d\" \/>\t\t<\/div>\n\t<div class=\"qodef-m-content\">\n\t\t\t\t\t<\/div>\n<\/div>\n\t\t\t\t<\/div>\n\t\t\t\t<\/div>\n\t\t\t\t<div class=\"elementor-element elementor-element-fdd52bf elementor-invisible elementor-widget elementor-widget-text-editor\" data-id=\"fdd52bf\" data-element_type=\"widget\" data-e-type=\"widget\" data-settings=\"{&quot;_animation&quot;:&quot;fadeInUp&quot;}\" data-widget_type=\"text-editor.default\">\n\t\t\t\t<div class=\"elementor-widget-container\">\n\t\t\t\t\t\t\t\t\t<h4 data-sourcepos=\"3:1-3:201\"><span style=\"color: #ffffff;\">Javier Tapidor \u00e8 un architetto spagnolo nato a Madrid nel 1972. Si laurea in Architettura presso l&#8217;Universit\u00e0 Politecnica di Madrid nel 1996 e, dopo la laurea, lavora per diversi studi di architettura.<\/span><\/h4><h4 data-sourcepos=\"5:1-5:168\"><span style=\"color: #ffffff;\">Nel 2002, Tapidor fonda il proprio studio di progettazione, che si concentra su una vasta gamma di progetti, tra cui architettura, design di interni e allestimenti.<\/span><\/h4><h4 data-sourcepos=\"7:1-7:301\"><span style=\"color: #ffffff;\">Il lavoro di Tapidor \u00e8 caratterizzato da un approccio olistico al design, che combina l&#8217;estetica con la funzionalit\u00e0 e la sostenibilit\u00e0. I suoi progetti sono spesso ispirati alla natura e alla cultura, e si concentrano sulla creazione di ambienti che siano belli, utili e rispettosi dell&#8217;ambiente.<\/span><\/h4><h4 data-sourcepos=\"9:1-9:67\"><span style=\"color: #ffffff;\">Alcuni dei progetti pi\u00f9 importanti di Javier Tapidor includono:<\/span><\/h4><ul data-sourcepos=\"11:1-18:0\"><li data-sourcepos=\"11:1-12:0\"><h4 data-sourcepos=\"11:3-11:38\"><span style=\"color: #ffffff;\">La casa &#8220;Casa L&#8221; a Madrid (2006)<\/span><\/h4><\/li><li data-sourcepos=\"13:1-14:0\"><h4 data-sourcepos=\"13:3-13:81\"><span style=\"color: #ffffff;\">Il centro culturale &#8220;Centro Culturale di Torrej\u00f3n de Ardoz&#8221; a Madrid (2012)<\/span><\/h4><\/li><li data-sourcepos=\"15:1-18:0\"><h4 data-sourcepos=\"15:3-15:74\"><span style=\"color: #ffffff;\">Il museo &#8220;Museo della Scienza di Castilla-La Mancha&#8221; a Toledo (2020)<\/span><\/h4><\/li><\/ul><h4 data-sourcepos=\"19:1-19:181\"><span style=\"color: #ffffff;\">Tapidor ha ricevuto numerosi premi per il suo lavoro, tra cui il Premio Mies van der Rohe nel 2012. \u00c8 stato anche invitato a partecipare a numerose mostre e convegni internazionali.<\/span><\/h4><h4 data-sourcepos=\"21:1-21:195\"><span style=\"color: #ffffff;\">I suoi progetti sono stati pubblicati su riviste e libri di architettura e design di tutto il mondo, e hanno contribuito a definire lo stile dell&#8217;architettura e del design contemporaneo spagnolo.<\/span><\/h4><h4 data-sourcepos=\"23:1-23:297\"><span style=\"color: #ffffff;\">Tapidor \u00e8 un architetto visionario che crede nel potere dell&#8217;architettura di migliorare la vita delle persone. I suoi progetti sono un esempio di come l&#8217;estetica, la funzionalit\u00e0 e la sostenibilit\u00e0 possano essere combinate per creare ambienti che siano belli, utili e rispettosi dell&#8217;ambiente.<\/span><\/h4><h4 data-sourcepos=\"25:1-25:246\"><span style=\"color: #ffffff;\">In particolare, il lavoro di Tapidor si distingue per l&#8217;uso innovativo dei materiali e delle tecnologie. Tapidor \u00e8 sempre alla ricerca di nuove soluzioni che possano migliorare l&#8217;estetica, la funzionalit\u00e0 e la sostenibilit\u00e0 dei suoi progetti.<\/span><\/h4><h4 data-sourcepos=\"27:1-27:299\"><span style=\"color: #ffffff;\">Ad esempio, la casa &#8220;Casa L&#8221; a Madrid \u00e8 realizzata in legno e vetro, e si caratterizza per un design armonioso e sostenibile. Il centro culturale &#8220;Centro Culturale di Torrej\u00f3n de Ardoz&#8221; a Madrid, invece, \u00e8 rivestito in pietra locale e metallo, e si caratterizza per un design moderno e dinamico.<\/span><\/h4><h4 data-sourcepos=\"29:1-29:218\"><span style=\"color: #ffffff;\">Tapidor \u00e8 un architetto che \u00e8 sempre alla ricerca di nuovi stimoli e nuove sfide. I suoi progetti sono un&#8217;ispirazione per tutti coloro che credono nel potere dell&#8217;architettura di rendere il mondo un posto migliore.<\/span><\/h4>\t\t\t\t\t\t\t\t<\/div>\n\t\t\t\t<\/div>\n\t\t\t\t<div class=\"elementor-element elementor-element-c95bea5 elementor-widget elementor-widget-spacer\" data-id=\"c95bea5\" data-element_type=\"widget\" data-e-type=\"widget\" data-widget_type=\"spacer.default\">\n\t\t\t\t<div class=\"elementor-widget-container\">\n\t\t\t\t\t\t\t<div class=\"elementor-spacer\">\n\t\t\t<div class=\"elementor-spacer-inner\"><\/div>\n\t\t<\/div>\n\t\t\t\t\t\t<\/div>\n\t\t\t\t<\/div>\n\t\t\t\t\t<\/div>\n\t\t<\/div>\n\t\t\t\t<div class=\"elementor-column elementor-col-50 elementor-top-column elementor-element elementor-element-b316975 qodef-sticky-column\" data-id=\"b316975\" data-element_type=\"column\" data-e-type=\"column\" data-settings=\"{&quot;background_background&quot;:&quot;classic&quot;}\">\n\t\t\t<div class=\"elementor-widget-wrap elementor-element-populated\">\n\t\t\t\t\t\t<div class=\"elementor-element elementor-element-2e9e9ae elementor-widget elementor-widget-spacer\" data-id=\"2e9e9ae\" data-element_type=\"widget\" data-e-type=\"widget\" data-widget_type=\"spacer.default\">\n\t\t\t\t<div class=\"elementor-widget-container\">\n\t\t\t\t\t\t\t<div class=\"elementor-spacer\">\n\t\t\t<div class=\"elementor-spacer-inner\"><\/div>\n\t\t<\/div>\n\t\t\t\t\t\t<\/div>\n\t\t\t\t<\/div>\n\t\t\t\t\t<\/div>\n\t\t<\/div>\n\t\t\t\t\t<\/div>\n\t\t<\/section>\n\t\t\t\t<\/div>","protected":false},"excerpt":{"rendered":"<p>Designers Javier TapidorTapidor Javier Tapidor \u00e8 un architetto spagnolo nato a Madrid nel 1972. Si laurea in Architettura presso l&#8217;Universit\u00e0 Politecnica di Madrid nel 1996 e, dopo la laurea, lavora per diversi studi di architettura. Nel 2002, Tapidor fonda il proprio studio di progettazione, che si concentra su una vasta gamma di progetti, tra cui [&hellip;]<\/p>\n","protected":false},"author":1,"featured_media":0,"parent":0,"menu_order":0,"comment_status":"closed","ping_status":"closed","template":"page-full-width.php","meta":{"_coblocks_attr":"","_coblocks_dimensions":"","_coblocks_responsive_height":"","_coblocks_accordion_ie_support":"","om_disable_all_campaigns":false,"_monsterinsights_skip_tracking":false,"_monsterinsights_sitenote_active":false,"_monsterinsights_sitenote_note":"","_monsterinsights_sitenote_category":0,"footnotes":""},"class_list":["post-15917","page","type-page","status-publish","hentry"],"aioseo_notices":[],"_links":{"self":[{"href":"https:\/\/www.rapsel.it\/en\/wp-json\/wp\/v2\/pages\/15917","targetHints":{"allow":["GET"]}}],"collection":[{"href":"https:\/\/www.rapsel.it\/en\/wp-json\/wp\/v2\/pages"}],"about":[{"href":"https:\/\/www.rapsel.it\/en\/wp-json\/wp\/v2\/types\/page"}],"author":[{"embeddable":true,"href":"https:\/\/www.rapsel.it\/en\/wp-json\/wp\/v2\/users\/1"}],"replies":[{"embeddable":true,"href":"https:\/\/www.rapsel.it\/en\/wp-json\/wp\/v2\/comments?post=15917"}],"version-history":[{"count":4,"href":"https:\/\/www.rapsel.it\/en\/wp-json\/wp\/v2\/pages\/15917\/revisions"}],"predecessor-version":[{"id":16065,"href":"https:\/\/www.rapsel.it\/en\/wp-json\/wp\/v2\/pages\/15917\/revisions\/16065"}],"wp:attachment":[{"href":"https:\/\/www.rapsel.it\/en\/wp-json\/wp\/v2\/media?parent=15917"}],"curies":[{"name":"wp","href":"https:\/\/api.w.org\/{rel}","templated":true}]}}