{"id":15901,"date":"2023-12-21T13:45:13","date_gmt":"2023-12-21T13:45:13","guid":{"rendered":"https:\/\/www.rapsel.it\/?page_id=15901"},"modified":"2024-03-26T17:59:30","modified_gmt":"2024-03-26T17:59:30","slug":"marco-piva-2","status":"publish","type":"page","link":"https:\/\/www.rapsel.it\/en\/marco-piva-2\/","title":{"rendered":"Marco Piva"},"content":{"rendered":"<div data-elementor-type=\"wp-page\" data-elementor-id=\"15901\" class=\"elementor elementor-15901\">\n\t\t\t\t\t\t<section class=\"elementor-section elementor-top-section elementor-element elementor-element-a9986a1 elementor-section-full_width elementor-section-height-default elementor-section-height-default qodef-elementor-content-no\" data-id=\"a9986a1\" data-element_type=\"section\" data-e-type=\"section\" data-settings=\"{&quot;background_background&quot;:&quot;classic&quot;}\">\n\t\t\t\t\t\t<div class=\"elementor-container elementor-column-gap-default\">\n\t\t\t\t\t<div class=\"elementor-column elementor-col-50 elementor-top-column elementor-element elementor-element-35ff6db\" data-id=\"35ff6db\" data-element_type=\"column\" data-e-type=\"column\">\n\t\t\t<div class=\"elementor-widget-wrap elementor-element-populated\">\n\t\t\t\t\t\t<div class=\"elementor-element elementor-element-c05442a elementor-widget elementor-widget-spacer\" data-id=\"c05442a\" data-element_type=\"widget\" data-e-type=\"widget\" data-widget_type=\"spacer.default\">\n\t\t\t\t<div class=\"elementor-widget-container\">\n\t\t\t\t\t\t\t<div class=\"elementor-spacer\">\n\t\t\t<div class=\"elementor-spacer-inner\"><\/div>\n\t\t<\/div>\n\t\t\t\t\t\t<\/div>\n\t\t\t\t<\/div>\n\t\t\t\t<div class=\"elementor-element elementor-element-c2e6728 elementor-invisible elementor-widget elementor-widget-archicon_core_icon_with_text\" data-id=\"c2e6728\" data-element_type=\"widget\" data-e-type=\"widget\" data-settings=\"{&quot;_animation&quot;:&quot;fadeInLeft&quot;}\" data-widget_type=\"archicon_core_icon_with_text.default\">\n\t\t\t\t<div class=\"elementor-widget-container\">\n\t\t\t\t\t<div class=\"qodef-shortcode qodef-m  qodef-icon-with-text qodef-layout--before-content qodef--icon-pack\">\n\t<div class=\"qodef-m-icon-wrapper\" >\n\t\t<span class=\"qodef-shortcode qodef-m  qodef-icon-holder qodef-size--small qodef-layout--normal\"  >\t\t\t<a itemprop=\"url\" href=\"\/en\/designers\/\" target=\"_self\">\t\t\t<span class=\"qodef-icon-elegant-icons arrow_left qodef-icon qodef-e\" style=\"color: #FFFFFF\" ><\/span>\t\t\t<\/a>\t<\/span>\t<\/div>\n\t<div class=\"qodef-m-content\">\n\t\t\t<h5 class=\"qodef-m-title\" style=\"color: #FFFFFF\">\n\t\t\t\t\t<a itemprop=\"url\" href=\"\/en\/designers\/\" target=\"_self\">\n\t\t\t\t\t<span class=\"qodef-m-title-text\">Designers<\/span>\n\t\t\t\t\t<\/a>\n\t\t\t<\/h5>\n\t\t\t<\/div>\n<\/div>\n\t\t\t\t<\/div>\n\t\t\t\t<\/div>\n\t\t\t\t<div class=\"elementor-element elementor-element-0524d62 elementor-widget elementor-widget-archicon_core_section_title\" data-id=\"0524d62\" data-element_type=\"widget\" data-e-type=\"widget\" data-widget_type=\"archicon_core_section_title.default\">\n\t\t\t\t<div class=\"elementor-widget-container\">\n\t\t\t\t\t<div class=\"qodef-shortcode qodef-m  qodef-section-title qodef-alignment--left\"  >\n\t\t\t<h1 class=\"qodef-m-title\" style=\"color: #FFFFFF\">\n\t<span class=\"qodef-m-title-inner\" style=\"--qodef-st-custom-ls: -0.08em\">\n\t\t\tMarco<br \/> <span class=\"qodef-m-highlight-text\" ><span class=\"qodef--original\">Piva<\/span><span class=\"qodef--fake\" >Piva<\/span><\/span>\t\t<\/span>\n\t<\/h1>\n\t\t<\/div>\n\t\t\t\t<\/div>\n\t\t\t\t<\/div>\n\t\t\t\t<div class=\"elementor-element elementor-element-4e89b10 elementor-widget elementor-widget-spacer\" data-id=\"4e89b10\" data-element_type=\"widget\" data-e-type=\"widget\" data-widget_type=\"spacer.default\">\n\t\t\t\t<div class=\"elementor-widget-container\">\n\t\t\t\t\t\t\t<div class=\"elementor-spacer\">\n\t\t\t<div class=\"elementor-spacer-inner\"><\/div>\n\t\t<\/div>\n\t\t\t\t\t\t<\/div>\n\t\t\t\t<\/div>\n\t\t\t\t<div class=\"elementor-element elementor-element-a8be3a7 elementor-widget elementor-widget-archicon_core_icon_with_text\" data-id=\"a8be3a7\" data-element_type=\"widget\" data-e-type=\"widget\" data-widget_type=\"archicon_core_icon_with_text.default\">\n\t\t\t\t<div class=\"elementor-widget-container\">\n\t\t\t\t\t<div class=\"qodef-shortcode qodef-m  qodef-icon-with-text qodef-layout--top qodef--custom-icon  qodef-alignment--left\">\n\t<div class=\"qodef-m-icon-wrapper\">\n\t\t\t\t\t<img decoding=\"async\" width=\"114\" height=\"115\" src=\"https:\/\/www.rapsel.it\/wp-content\/uploads\/2022\/04\/Group-1687.svg\" class=\"attachment-full size-full\" alt=\"d\" \/>\t\t<\/div>\n\t<div class=\"qodef-m-content\">\n\t\t\t\t\t<\/div>\n<\/div>\n\t\t\t\t<\/div>\n\t\t\t\t<\/div>\n\t\t\t\t<div class=\"elementor-element elementor-element-fdd52bf elementor-invisible elementor-widget elementor-widget-text-editor\" data-id=\"fdd52bf\" data-element_type=\"widget\" data-e-type=\"widget\" data-settings=\"{&quot;_animation&quot;:&quot;fadeInUp&quot;}\" data-widget_type=\"text-editor.default\">\n\t\t\t\t<div class=\"elementor-widget-container\">\n\t\t\t\t\t\t\t\t\t<h4 data-sourcepos=\"3:1-3:274\"><span style=\"color: #ffffff;\">Marco Piva \u00e8 un architetto e designer italiano nato a Milano nel 1952. Si laurea in Architettura presso il Politecnico di Milano nel 1976 e, subito dopo, fonda lo Studiodada Associati, che ben presto diviene il riferimento per gli architetti e i designer radicali in Italia.<\/span><\/h4><h4 data-sourcepos=\"5:1-6:42\"><span class=\"citation-0 citation-end-0 animating\" style=\"color: #ffffff;\">Nel 1990 d\u00e0 il via al proprio studio di progettazione, la cui attivit\u00e0 spazia dall&#8217;architettura, al design degli interni, al masterplan, realizzando numerosi progetti in tutto il mondo.<\/span><\/h4><h4 data-sourcepos=\"8:1-8:297\"><span style=\"color: #ffffff;\"><strong>Lo stile di Piva \u00e8 caratterizzato da un approccio olistico al design, che combina l&#8217;estetica con la funzionalit\u00e0 e la sostenibilit\u00e0.<\/strong> I suoi progetti sono spesso ispirati alla natura e alla cultura, e si concentrano sulla creazione di ambienti che siano belli, utili e rispettosi dell&#8217;ambiente.<\/span><\/h4><h4 data-sourcepos=\"10:1-10:59\"><span style=\"color: #ffffff;\">Alcuni dei progetti pi\u00f9 importanti di Marco Piva includono:<\/span><\/h4><ul data-sourcepos=\"12:1-18:0\"><li data-sourcepos=\"12:1-13:0\"><h4 data-sourcepos=\"12:3-12:68\"><span style=\"color: #ffffff;\"><strong>Il centro residenziale &#8220;The Water Garden&#8221; a Sanya, Cina<\/strong> (2008)<\/span><\/h4><\/li><li data-sourcepos=\"14:1-15:75\"><h4 data-sourcepos=\"14:3-15:75\"><span style=\"color: #ffffff;\"><strong>Il complesso residenziale &#8220;Il Borgo&#8221; a Padova, Italia<\/strong> (2012)<\/span><\/h4><div class=\"image-container hide-from-message-actions ng-star-inserted\"><div class=\"overlay-container ng-star-inserted\"><span style=\"color: #ffffff;\"><a class=\"image-source-link ng-star-inserted\" style=\"color: #ffffff;\" href=\"https:\/\/www.homify.it\/esperti\/48923\/studio-marco-piva\" target=\"_blank\" rel=\"noopener noreferrer\" aria-live=\"polite\"><span class=\"ng-star-inserted\" data-test-id=\"content\"><img decoding=\"async\" class=\"image\" src=\"https:\/\/encrypted-tbn3.gstatic.com\/images?q=tbn:ANd9GcSAlrOctYWWiGkL607-aIHx9u8YpqS4N_QA2BA30SwBAB0sBJ3Rb5OflHIY8qwk\" alt=\"Image of Il Borgo, complesso residenziale a Padova, Italia, di Marco Piva\" \/><\/span><\/a><\/span><\/div><\/div><\/li><li data-sourcepos=\"16:1-18:0\"><h4 data-sourcepos=\"16:3-17:79\"><span style=\"color: #ffffff;\"><strong>L&#8217;illuminazione della piazza del Duomo a Milano, Italia<\/strong> (2023)<\/span><\/h4><div class=\"image-container hide-from-message-actions ng-star-inserted\"><div class=\"overlay-container ng-star-inserted\"><span style=\"color: #ffffff;\"><a class=\"image-source-link ng-star-inserted\" style=\"color: #ffffff;\" href=\"https:\/\/www.spazidilusso.it\/marco-piva-tocco-italiano-nellarchitettura-nel-design\/\" target=\"_blank\" rel=\"noopener noreferrer\" aria-live=\"polite\"><span class=\"ng-star-inserted\" data-test-id=\"content\"><img decoding=\"async\" class=\"image\" src=\"https:\/\/encrypted-tbn3.gstatic.com\/images?q=tbn:ANd9GcTJobIO8Px0Z9ghgn_mTfoHzHIGNW2xrZGDJZj4jkyTzCLbHiPWDxbuV463AwvL\" alt=\"Image of Illuminazione della piazza del Duomo a Milano, Italia, di Marco Piva\" \/><\/span><\/a><\/span><\/div><\/div><\/li><\/ul><h4 data-sourcepos=\"19:1-19:175\"><span style=\"color: #ffffff;\">Piva ha ricevuto numerosi premi per il suo lavoro, tra cui il Premio Compasso d&#8217;Oro nel 2010. \u00c8 stato anche invitato a partecipare a numerose mostre e convegni internazionali.<\/span><\/h4><h4 data-sourcepos=\"21:1-21:173\"><span style=\"color: #ffffff;\">I suoi progetti sono stati pubblicati su riviste e libri di architettura di tutto il mondo, e hanno contribuito a definire lo stile dell&#8217;architettura contemporanea italiana.<\/span><\/h4><h4 data-sourcepos=\"23:1-23:318\"><span style=\"color: #ffffff;\"><strong>Piva \u00e8 un architetto e designer visionario che crede nel potere dell&#8217;architettura e del design di migliorare la vita delle persone.<\/strong> I suoi progetti sono un esempio di come l&#8217;estetica, la funzionalit\u00e0 e la sostenibilit\u00e0 possano essere combinate per creare ambienti che siano belli, utili e rispettosi dell&#8217;ambiente.<\/span><\/h4>\t\t\t\t\t\t\t\t<\/div>\n\t\t\t\t<\/div>\n\t\t\t\t<div class=\"elementor-element elementor-element-c95bea5 elementor-widget elementor-widget-spacer\" data-id=\"c95bea5\" data-element_type=\"widget\" data-e-type=\"widget\" data-widget_type=\"spacer.default\">\n\t\t\t\t<div class=\"elementor-widget-container\">\n\t\t\t\t\t\t\t<div class=\"elementor-spacer\">\n\t\t\t<div class=\"elementor-spacer-inner\"><\/div>\n\t\t<\/div>\n\t\t\t\t\t\t<\/div>\n\t\t\t\t<\/div>\n\t\t\t\t\t<\/div>\n\t\t<\/div>\n\t\t\t\t<div class=\"elementor-column elementor-col-50 elementor-top-column elementor-element elementor-element-b316975 qodef-sticky-column\" data-id=\"b316975\" data-element_type=\"column\" data-e-type=\"column\" data-settings=\"{&quot;background_background&quot;:&quot;classic&quot;}\">\n\t\t\t<div class=\"elementor-widget-wrap elementor-element-populated\">\n\t\t\t\t\t\t<div class=\"elementor-element elementor-element-2e9e9ae elementor-widget elementor-widget-spacer\" data-id=\"2e9e9ae\" data-element_type=\"widget\" data-e-type=\"widget\" data-widget_type=\"spacer.default\">\n\t\t\t\t<div class=\"elementor-widget-container\">\n\t\t\t\t\t\t\t<div class=\"elementor-spacer\">\n\t\t\t<div class=\"elementor-spacer-inner\"><\/div>\n\t\t<\/div>\n\t\t\t\t\t\t<\/div>\n\t\t\t\t<\/div>\n\t\t\t\t\t<\/div>\n\t\t<\/div>\n\t\t\t\t\t<\/div>\n\t\t<\/section>\n\t\t\t\t<\/div>","protected":false},"excerpt":{"rendered":"<p>Designers Marco PivaPiva Marco Piva \u00e8 un architetto e designer italiano nato a Milano nel 1952. Si laurea in Architettura presso il Politecnico di Milano nel 1976 e, subito dopo, fonda lo Studiodada Associati, che ben presto diviene il riferimento per gli architetti e i designer radicali in Italia. Nel 1990 d\u00e0 il via al [&hellip;]<\/p>\n","protected":false},"author":1,"featured_media":0,"parent":0,"menu_order":0,"comment_status":"closed","ping_status":"closed","template":"page-full-width.php","meta":{"_coblocks_attr":"","_coblocks_dimensions":"","_coblocks_responsive_height":"","_coblocks_accordion_ie_support":"","om_disable_all_campaigns":false,"_monsterinsights_skip_tracking":false,"_monsterinsights_sitenote_active":false,"_monsterinsights_sitenote_note":"","_monsterinsights_sitenote_category":0,"footnotes":""},"class_list":["post-15901","page","type-page","status-publish","hentry"],"aioseo_notices":[],"_links":{"self":[{"href":"https:\/\/www.rapsel.it\/en\/wp-json\/wp\/v2\/pages\/15901","targetHints":{"allow":["GET"]}}],"collection":[{"href":"https:\/\/www.rapsel.it\/en\/wp-json\/wp\/v2\/pages"}],"about":[{"href":"https:\/\/www.rapsel.it\/en\/wp-json\/wp\/v2\/types\/page"}],"author":[{"embeddable":true,"href":"https:\/\/www.rapsel.it\/en\/wp-json\/wp\/v2\/users\/1"}],"replies":[{"embeddable":true,"href":"https:\/\/www.rapsel.it\/en\/wp-json\/wp\/v2\/comments?post=15901"}],"version-history":[{"count":10,"href":"https:\/\/www.rapsel.it\/en\/wp-json\/wp\/v2\/pages\/15901\/revisions"}],"predecessor-version":[{"id":16031,"href":"https:\/\/www.rapsel.it\/en\/wp-json\/wp\/v2\/pages\/15901\/revisions\/16031"}],"wp:attachment":[{"href":"https:\/\/www.rapsel.it\/en\/wp-json\/wp\/v2\/media?parent=15901"}],"curies":[{"name":"wp","href":"https:\/\/api.w.org\/{rel}","templated":true}]}}