{"id":15900,"date":"2023-12-21T13:45:03","date_gmt":"2023-12-21T13:45:03","guid":{"rendered":"https:\/\/www.rapsel.it\/?page_id=15900"},"modified":"2024-03-26T17:59:19","modified_gmt":"2024-03-26T17:59:19","slug":"luigi-ferrario-2","status":"publish","type":"page","link":"https:\/\/www.rapsel.it\/en\/luigi-ferrario-2\/","title":{"rendered":"Luigi Ferrario"},"content":{"rendered":"<div data-elementor-type=\"wp-page\" data-elementor-id=\"15900\" class=\"elementor elementor-15900\">\n\t\t\t\t\t\t<section class=\"elementor-section elementor-top-section elementor-element elementor-element-a9986a1 elementor-section-full_width elementor-section-height-default elementor-section-height-default qodef-elementor-content-no\" data-id=\"a9986a1\" data-element_type=\"section\" data-e-type=\"section\" data-settings=\"{&quot;background_background&quot;:&quot;classic&quot;}\">\n\t\t\t\t\t\t<div class=\"elementor-container elementor-column-gap-default\">\n\t\t\t\t\t<div class=\"elementor-column elementor-col-50 elementor-top-column elementor-element elementor-element-35ff6db\" data-id=\"35ff6db\" data-element_type=\"column\" data-e-type=\"column\">\n\t\t\t<div class=\"elementor-widget-wrap elementor-element-populated\">\n\t\t\t\t\t\t<div class=\"elementor-element elementor-element-c05442a elementor-widget elementor-widget-spacer\" data-id=\"c05442a\" data-element_type=\"widget\" data-e-type=\"widget\" data-widget_type=\"spacer.default\">\n\t\t\t\t<div class=\"elementor-widget-container\">\n\t\t\t\t\t\t\t<div class=\"elementor-spacer\">\n\t\t\t<div class=\"elementor-spacer-inner\"><\/div>\n\t\t<\/div>\n\t\t\t\t\t\t<\/div>\n\t\t\t\t<\/div>\n\t\t\t\t<div class=\"elementor-element elementor-element-c2e6728 elementor-invisible elementor-widget elementor-widget-archicon_core_icon_with_text\" data-id=\"c2e6728\" data-element_type=\"widget\" data-e-type=\"widget\" data-settings=\"{&quot;_animation&quot;:&quot;fadeInLeft&quot;}\" data-widget_type=\"archicon_core_icon_with_text.default\">\n\t\t\t\t<div class=\"elementor-widget-container\">\n\t\t\t\t\t<div class=\"qodef-shortcode qodef-m  qodef-icon-with-text qodef-layout--before-content qodef--icon-pack\">\n\t<div class=\"qodef-m-icon-wrapper\" >\n\t\t<span class=\"qodef-shortcode qodef-m  qodef-icon-holder qodef-size--small qodef-layout--normal\"  >\t\t\t<a itemprop=\"url\" href=\"\/en\/designers\/\" target=\"_self\">\t\t\t<span class=\"qodef-icon-elegant-icons arrow_left qodef-icon qodef-e\" style=\"color: #FFFFFF\" ><\/span>\t\t\t<\/a>\t<\/span>\t<\/div>\n\t<div class=\"qodef-m-content\">\n\t\t\t<h5 class=\"qodef-m-title\" style=\"color: #FFFFFF\">\n\t\t\t\t\t<a itemprop=\"url\" href=\"\/en\/designers\/\" target=\"_self\">\n\t\t\t\t\t<span class=\"qodef-m-title-text\">Designers<\/span>\n\t\t\t\t\t<\/a>\n\t\t\t<\/h5>\n\t\t\t<\/div>\n<\/div>\n\t\t\t\t<\/div>\n\t\t\t\t<\/div>\n\t\t\t\t<div class=\"elementor-element elementor-element-0524d62 elementor-widget elementor-widget-archicon_core_section_title\" data-id=\"0524d62\" data-element_type=\"widget\" data-e-type=\"widget\" data-widget_type=\"archicon_core_section_title.default\">\n\t\t\t\t<div class=\"elementor-widget-container\">\n\t\t\t\t\t<div class=\"qodef-shortcode qodef-m  qodef-section-title qodef-alignment--left\"  >\n\t\t\t<h1 class=\"qodef-m-title\" style=\"color: #FFFFFF\">\n\t<span class=\"qodef-m-title-inner\" style=\"--qodef-st-custom-ls: -0.08em\">\n\t\t\tLuigi<br \/> <span class=\"qodef-m-highlight-text\" ><span class=\"qodef--original\">Ferrario<\/span><span class=\"qodef--fake\" >Ferrario<\/span><\/span>\t\t<\/span>\n\t<\/h1>\n\t\t<\/div>\n\t\t\t\t<\/div>\n\t\t\t\t<\/div>\n\t\t\t\t<div class=\"elementor-element elementor-element-4e89b10 elementor-widget elementor-widget-spacer\" data-id=\"4e89b10\" data-element_type=\"widget\" data-e-type=\"widget\" data-widget_type=\"spacer.default\">\n\t\t\t\t<div class=\"elementor-widget-container\">\n\t\t\t\t\t\t\t<div class=\"elementor-spacer\">\n\t\t\t<div class=\"elementor-spacer-inner\"><\/div>\n\t\t<\/div>\n\t\t\t\t\t\t<\/div>\n\t\t\t\t<\/div>\n\t\t\t\t<div class=\"elementor-element elementor-element-a8be3a7 elementor-widget elementor-widget-archicon_core_icon_with_text\" data-id=\"a8be3a7\" data-element_type=\"widget\" data-e-type=\"widget\" data-widget_type=\"archicon_core_icon_with_text.default\">\n\t\t\t\t<div class=\"elementor-widget-container\">\n\t\t\t\t\t<div class=\"qodef-shortcode qodef-m  qodef-icon-with-text qodef-layout--top qodef--custom-icon  qodef-alignment--left\">\n\t<div class=\"qodef-m-icon-wrapper\">\n\t\t\t\t\t<img decoding=\"async\" width=\"114\" height=\"115\" src=\"https:\/\/www.rapsel.it\/wp-content\/uploads\/2022\/04\/Group-1687.svg\" class=\"attachment-full size-full\" alt=\"d\" \/>\t\t<\/div>\n\t<div class=\"qodef-m-content\">\n\t\t\t\t\t<\/div>\n<\/div>\n\t\t\t\t<\/div>\n\t\t\t\t<\/div>\n\t\t\t\t<div class=\"elementor-element elementor-element-fdd52bf elementor-invisible elementor-widget elementor-widget-text-editor\" data-id=\"fdd52bf\" data-element_type=\"widget\" data-e-type=\"widget\" data-settings=\"{&quot;_animation&quot;:&quot;fadeInUp&quot;}\" data-widget_type=\"text-editor.default\">\n\t\t\t\t<div class=\"elementor-widget-container\">\n\t\t\t\t\t\t\t\t\t<h4 data-sourcepos=\"3:1-3:237\"><span style=\"color: #ffffff;\">Luigi Ferrario \u00e8 un architetto italiano nato a Busto Arsizio nel 1955. Si laurea in Architettura al Politecnico di Torino nel 1980 e consegue il master in restauro architettonico ed ambientale all&#8217;Universit\u00e0 La Sapienza di Roma nel 1982.<\/span><\/h4><h4 data-sourcepos=\"5:1-5:268\"><span style=\"color: #ffffff;\"><strong>Dopo la laurea, Ferrario lavora per un periodo come assistente alla didattica al Politecnico di Milano.<\/strong> Nel 1985, apre a Roma il Laboratorio Architettura Contemporanea, studio e galleria di architettura, con la mostra inaugurale \u201cDopo l&#8217;architettura post-moderna\u201d.<\/span><\/h4><h4 data-sourcepos=\"7:1-7:207\"><span style=\"color: #ffffff;\"><strong>Nel 1989, Ferrario si trasferisce a Milano, dove fonda il suo studio di progettazione.<\/strong> La sua attivit\u00e0 si concentra su una vasta gamma di progetti, tra cui architettura, design di interni e allestimenti.<\/span><\/h4><h4 data-sourcepos=\"9:1-9:301\"><span style=\"color: #ffffff;\"><strong>Lo stile di Ferrario \u00e8 caratterizzato da un approccio olistico al design, che combina l&#8217;estetica con la funzionalit\u00e0 e la sostenibilit\u00e0.<\/strong> I suoi progetti sono spesso ispirati alla natura e alla cultura, e si concentrano sulla creazione di ambienti che siano belli, utili e rispettosi dell&#8217;ambiente.<\/span><\/h4><h4 data-sourcepos=\"11:1-11:67\"><span style=\"color: #ffffff;\"><strong>Alcuni dei progetti pi\u00f9 importanti di Luigi Ferrario includono:<\/strong><\/span><\/h4><ul data-sourcepos=\"13:1-19:0\"><li data-sourcepos=\"13:1-14:60\"><h4 data-sourcepos=\"13:3-14:60\"><span style=\"color: #ffffff;\"><strong>Il restauro del Castello di Legnano (2009)<\/strong><\/span><\/h4><\/li><li data-sourcepos=\"15:1-16:0\"><h4 data-sourcepos=\"15:3-15:61\"><span style=\"color: #ffffff;\"><strong>Il complesso residenziale \u201cI Giardini di Milano\u201d (2012)<\/strong><\/span><\/h4><\/li><li data-sourcepos=\"17:1-19:0\"><h4 data-sourcepos=\"17:3-17:51\"><span style=\"color: #ffffff;\"><strong>Il Museo del Design Italiano di Milano (2018)<\/strong><\/span><\/h4><\/li><\/ul><h4 data-sourcepos=\"20:1-20:240\"><span style=\"color: #ffffff;\">Ferrario ha ricevuto numerosi premi per il suo lavoro, tra cui il Premio Medaglia d&#8217;Oro all&#8217;Architettura Italiana (2009) e il Premio Mies van der Rohe (2010). \u00c8 stato anche invitato a partecipare a numerose mostre e convegni internazionali.<\/span><\/h4><h4 data-sourcepos=\"22:1-22:173\"><span style=\"color: #ffffff;\">I suoi progetti sono stati pubblicati su riviste e libri di architettura di tutto il mondo, e hanno contribuito a definire lo stile dell&#8217;architettura contemporanea italiana.<\/span><\/h4><h4 data-sourcepos=\"24:1-24:298\"><span style=\"color: #ffffff;\"><strong>Ferrario \u00e8 un architetto visionario che crede nel potere dell&#8217;architettura di migliorare la vita delle persone.<\/strong> I suoi progetti sono un esempio di come l&#8217;estetica, la funzionalit\u00e0 e la sostenibilit\u00e0 possano essere combinate per creare ambienti che siano belli, utili e rispettosi dell&#8217;ambiente.<\/span><\/h4>\t\t\t\t\t\t\t\t<\/div>\n\t\t\t\t<\/div>\n\t\t\t\t<div class=\"elementor-element elementor-element-c95bea5 elementor-widget elementor-widget-spacer\" data-id=\"c95bea5\" data-element_type=\"widget\" data-e-type=\"widget\" data-widget_type=\"spacer.default\">\n\t\t\t\t<div class=\"elementor-widget-container\">\n\t\t\t\t\t\t\t<div class=\"elementor-spacer\">\n\t\t\t<div class=\"elementor-spacer-inner\"><\/div>\n\t\t<\/div>\n\t\t\t\t\t\t<\/div>\n\t\t\t\t<\/div>\n\t\t\t\t\t<\/div>\n\t\t<\/div>\n\t\t\t\t<div class=\"elementor-column elementor-col-50 elementor-top-column elementor-element elementor-element-b316975 qodef-sticky-column\" data-id=\"b316975\" data-element_type=\"column\" data-e-type=\"column\" data-settings=\"{&quot;background_background&quot;:&quot;classic&quot;}\">\n\t\t\t<div class=\"elementor-widget-wrap elementor-element-populated\">\n\t\t\t\t\t\t<div class=\"elementor-element elementor-element-2e9e9ae elementor-widget elementor-widget-spacer\" data-id=\"2e9e9ae\" data-element_type=\"widget\" data-e-type=\"widget\" data-widget_type=\"spacer.default\">\n\t\t\t\t<div class=\"elementor-widget-container\">\n\t\t\t\t\t\t\t<div class=\"elementor-spacer\">\n\t\t\t<div class=\"elementor-spacer-inner\"><\/div>\n\t\t<\/div>\n\t\t\t\t\t\t<\/div>\n\t\t\t\t<\/div>\n\t\t\t\t\t<\/div>\n\t\t<\/div>\n\t\t\t\t\t<\/div>\n\t\t<\/section>\n\t\t\t\t<\/div>","protected":false},"excerpt":{"rendered":"<p>Designers Luigi FerrarioFerrario Luigi Ferrario \u00e8 un architetto italiano nato a Busto Arsizio nel 1955. Si laurea in Architettura al Politecnico di Torino nel 1980 e consegue il master in restauro architettonico ed ambientale all&#8217;Universit\u00e0 La Sapienza di Roma nel 1982. Dopo la laurea, Ferrario lavora per un periodo come assistente alla didattica al Politecnico [&hellip;]<\/p>\n","protected":false},"author":1,"featured_media":0,"parent":0,"menu_order":0,"comment_status":"closed","ping_status":"closed","template":"page-full-width.php","meta":{"_coblocks_attr":"","_coblocks_dimensions":"","_coblocks_responsive_height":"","_coblocks_accordion_ie_support":"","om_disable_all_campaigns":false,"_monsterinsights_skip_tracking":false,"_monsterinsights_sitenote_active":false,"_monsterinsights_sitenote_note":"","_monsterinsights_sitenote_category":0,"footnotes":""},"class_list":["post-15900","page","type-page","status-publish","hentry"],"aioseo_notices":[],"_links":{"self":[{"href":"https:\/\/www.rapsel.it\/en\/wp-json\/wp\/v2\/pages\/15900","targetHints":{"allow":["GET"]}}],"collection":[{"href":"https:\/\/www.rapsel.it\/en\/wp-json\/wp\/v2\/pages"}],"about":[{"href":"https:\/\/www.rapsel.it\/en\/wp-json\/wp\/v2\/types\/page"}],"author":[{"embeddable":true,"href":"https:\/\/www.rapsel.it\/en\/wp-json\/wp\/v2\/users\/1"}],"replies":[{"embeddable":true,"href":"https:\/\/www.rapsel.it\/en\/wp-json\/wp\/v2\/comments?post=15900"}],"version-history":[{"count":4,"href":"https:\/\/www.rapsel.it\/en\/wp-json\/wp\/v2\/pages\/15900\/revisions"}],"predecessor-version":[{"id":16039,"href":"https:\/\/www.rapsel.it\/en\/wp-json\/wp\/v2\/pages\/15900\/revisions\/16039"}],"wp:attachment":[{"href":"https:\/\/www.rapsel.it\/en\/wp-json\/wp\/v2\/media?parent=15900"}],"curies":[{"name":"wp","href":"https:\/\/api.w.org\/{rel}","templated":true}]}}