{"id":15897,"date":"2023-12-21T11:55:36","date_gmt":"2023-12-21T11:55:36","guid":{"rendered":"https:\/\/www.rapsel.it\/?page_id=15897"},"modified":"2024-03-26T17:58:51","modified_gmt":"2024-03-26T17:58:51","slug":"cairoli-donzelli-2","status":"publish","type":"page","link":"https:\/\/www.rapsel.it\/en\/cairoli-donzelli-2\/","title":{"rendered":"Cairoli &#038; Donzelli"},"content":{"rendered":"<div data-elementor-type=\"wp-page\" data-elementor-id=\"15897\" class=\"elementor elementor-15897\">\n\t\t\t\t\t\t<section class=\"elementor-section elementor-top-section elementor-element elementor-element-a9986a1 elementor-section-full_width elementor-section-height-default elementor-section-height-default qodef-elementor-content-no\" data-id=\"a9986a1\" data-element_type=\"section\" data-e-type=\"section\" data-settings=\"{&quot;background_background&quot;:&quot;classic&quot;}\">\n\t\t\t\t\t\t<div class=\"elementor-container elementor-column-gap-default\">\n\t\t\t\t\t<div class=\"elementor-column elementor-col-50 elementor-top-column elementor-element elementor-element-35ff6db\" data-id=\"35ff6db\" data-element_type=\"column\" data-e-type=\"column\">\n\t\t\t<div class=\"elementor-widget-wrap elementor-element-populated\">\n\t\t\t\t\t\t<div class=\"elementor-element elementor-element-c05442a elementor-widget elementor-widget-spacer\" data-id=\"c05442a\" data-element_type=\"widget\" data-e-type=\"widget\" data-widget_type=\"spacer.default\">\n\t\t\t\t<div class=\"elementor-widget-container\">\n\t\t\t\t\t\t\t<div class=\"elementor-spacer\">\n\t\t\t<div class=\"elementor-spacer-inner\"><\/div>\n\t\t<\/div>\n\t\t\t\t\t\t<\/div>\n\t\t\t\t<\/div>\n\t\t\t\t<div class=\"elementor-element elementor-element-c2e6728 elementor-invisible elementor-widget elementor-widget-archicon_core_icon_with_text\" data-id=\"c2e6728\" data-element_type=\"widget\" data-e-type=\"widget\" data-settings=\"{&quot;_animation&quot;:&quot;fadeInLeft&quot;}\" data-widget_type=\"archicon_core_icon_with_text.default\">\n\t\t\t\t<div class=\"elementor-widget-container\">\n\t\t\t\t\t<div class=\"qodef-shortcode qodef-m  qodef-icon-with-text qodef-layout--before-content qodef--icon-pack\">\n\t<div class=\"qodef-m-icon-wrapper\" >\n\t\t<span class=\"qodef-shortcode qodef-m  qodef-icon-holder qodef-size--small qodef-layout--normal\"  >\t\t\t<a itemprop=\"url\" href=\"\/en\/designers\/\" target=\"_self\">\t\t\t<span class=\"qodef-icon-elegant-icons arrow_left qodef-icon qodef-e\" style=\"color: #FFFFFF\" ><\/span>\t\t\t<\/a>\t<\/span>\t<\/div>\n\t<div class=\"qodef-m-content\">\n\t\t\t<h5 class=\"qodef-m-title\" style=\"color: #FFFFFF\">\n\t\t\t\t\t<a itemprop=\"url\" href=\"\/en\/designers\/\" target=\"_self\">\n\t\t\t\t\t<span class=\"qodef-m-title-text\">Designers<\/span>\n\t\t\t\t\t<\/a>\n\t\t\t<\/h5>\n\t\t\t<\/div>\n<\/div>\n\t\t\t\t<\/div>\n\t\t\t\t<\/div>\n\t\t\t\t<div class=\"elementor-element elementor-element-0524d62 elementor-widget elementor-widget-archicon_core_section_title\" data-id=\"0524d62\" data-element_type=\"widget\" data-e-type=\"widget\" data-widget_type=\"archicon_core_section_title.default\">\n\t\t\t\t<div class=\"elementor-widget-container\">\n\t\t\t\t\t<div class=\"qodef-shortcode qodef-m  qodef-section-title qodef-alignment--left\"  >\n\t\t\t<h1 class=\"qodef-m-title\" style=\"color: #FFFFFF\">\n\t<span class=\"qodef-m-title-inner\" style=\"--qodef-st-custom-ls: -0.08em\">\n\t\t\tCairoli<br \/> <span class=\"qodef-m-highlight-text\" ><span class=\"qodef--original\">&<\/span><span class=\"qodef--fake\" >&<\/span><\/span> Donzelli\t\t<\/span>\n\t<\/h1>\n\t\t<\/div>\n\t\t\t\t<\/div>\n\t\t\t\t<\/div>\n\t\t\t\t<div class=\"elementor-element elementor-element-4e89b10 elementor-widget elementor-widget-spacer\" data-id=\"4e89b10\" data-element_type=\"widget\" data-e-type=\"widget\" data-widget_type=\"spacer.default\">\n\t\t\t\t<div class=\"elementor-widget-container\">\n\t\t\t\t\t\t\t<div class=\"elementor-spacer\">\n\t\t\t<div class=\"elementor-spacer-inner\"><\/div>\n\t\t<\/div>\n\t\t\t\t\t\t<\/div>\n\t\t\t\t<\/div>\n\t\t\t\t<div class=\"elementor-element elementor-element-a8be3a7 elementor-widget elementor-widget-archicon_core_icon_with_text\" data-id=\"a8be3a7\" data-element_type=\"widget\" data-e-type=\"widget\" data-widget_type=\"archicon_core_icon_with_text.default\">\n\t\t\t\t<div class=\"elementor-widget-container\">\n\t\t\t\t\t<div class=\"qodef-shortcode qodef-m  qodef-icon-with-text qodef-layout--top qodef--custom-icon  qodef-alignment--left\">\n\t<div class=\"qodef-m-icon-wrapper\">\n\t\t\t\t\t<img decoding=\"async\" width=\"114\" height=\"115\" src=\"https:\/\/www.rapsel.it\/wp-content\/uploads\/2022\/04\/Group-1687.svg\" class=\"attachment-full size-full\" alt=\"d\" \/>\t\t<\/div>\n\t<div class=\"qodef-m-content\">\n\t\t\t\t\t<\/div>\n<\/div>\n\t\t\t\t<\/div>\n\t\t\t\t<\/div>\n\t\t\t\t<div class=\"elementor-element elementor-element-fdd52bf elementor-invisible elementor-widget elementor-widget-text-editor\" data-id=\"fdd52bf\" data-element_type=\"widget\" data-e-type=\"widget\" data-settings=\"{&quot;_animation&quot;:&quot;fadeInUp&quot;}\" data-widget_type=\"text-editor.default\">\n\t\t\t\t<div class=\"elementor-widget-container\">\n\t\t\t\t\t\t\t\t\t<h4 data-sourcepos=\"3:1-3:282\"><span style=\"color: #ffffff;\">Cairoli &amp; Donzelli \u00e8 uno studio di architettura italiano fondato nel 1986 da Gaspare Cairoli e Stefano Donzelli. Lo studio si trova a Meda, in Italia, e si occupa di una vasta gamma di progetti, tra cui architettura, design industriale, design di interni e comunicazione visiva.<\/span><\/h4><h4 data-sourcepos=\"5:1-5:316\"><span style=\"color: #ffffff;\"><strong>Il lavoro di Cairoli &amp; Donzelli \u00e8 caratterizzato da un approccio olistico al design, che combina l&#8217;estetica con la funzionalit\u00e0 e la sostenibilit\u00e0.<\/strong> I loro progetti sono spesso ispirati alla natura e alla cultura, e si concentrano sulla creazione di ambienti che siano belli, utili e rispettosi dell&#8217;ambiente.<\/span><\/h4><h4 data-sourcepos=\"7:1-7:75\"><span style=\"color: #ffffff;\"><strong>Alcuni dei progetti pi\u00f9 importanti di Cairoli &amp; Donzelli includono:<\/strong><\/span><\/h4><ul data-sourcepos=\"9:1-15:0\"><li data-sourcepos=\"9:1-10:0\"><h4 data-sourcepos=\"9:3-9:44\"><span style=\"color: #ffffff;\"><strong>La sede di Twils a Meda, Italia<\/strong> (2001)<\/span><\/h4><\/li><li data-sourcepos=\"11:1-11:50\"><h4 data-sourcepos=\"11:3-11:50\"><span style=\"color: #ffffff;\"><strong>La linea di mobili &#8220;Tetris&#8221; per Twils<\/strong> (2002)<\/span><\/h4><\/li><li data-sourcepos=\"12:1-12:61\"><h4 data-sourcepos=\"12:3-12:61\"><span style=\"color: #ffffff;\"><strong>Il restyling dell&#8217;Hotel de Russie a Roma, Italia<\/strong> (2013)<\/span><\/h4><\/li><li data-sourcepos=\"13:1-15:0\"><h4 data-sourcepos=\"13:3-13:76\"><span style=\"color: #ffffff;\"><strong>La realizzazione del Museo del Design Italiano a Milano, Italia<\/strong> (2021)<\/span><\/h4><\/li><\/ul><h4 data-sourcepos=\"16:1-16:247\"><span style=\"color: #ffffff;\"><strong>Cairoli &amp; Donzelli hanno ricevuto numerosi premi per il loro lavoro, tra cui il Premio Compasso d&#8217;Oro nel 2003 e il Premio Architettura Italiana nel 2014.<\/strong> Sono stati anche invitati a partecipare a numerose mostre e convegni internazionali.<\/span><\/h4><h4 data-sourcepos=\"18:1-18:170\"><span style=\"color: #ffffff;\"><strong>I loro progetti sono stati pubblicati su riviste e libri di architettura di tutto il mondo, e hanno contribuito a definire lo stile del design contemporaneo italiano.<\/strong><\/span><\/h4><h4 data-sourcepos=\"20:1-20:243\"><span style=\"color: #ffffff;\"><strong>In particolare, il loro lavoro si distingue per l&#8217;uso innovativo dei materiali e delle tecnologie.<\/strong> Cairoli &amp; Donzelli sono sempre alla ricerca di nuove soluzioni che possano migliorare l&#8217;efficienza e la sostenibilit\u00e0 dei loro progetti.<\/span><\/h4><h4 data-sourcepos=\"22:1-22:309\"><span style=\"color: #ffffff;\"><strong>Ad esempio, la sede di Twils a Meda, Italia, \u00e8 un edificio altamente sostenibile che utilizza materiali naturali e tecnologie innovative per ridurre il consumo energetico.<\/strong> La linea di mobili &#8220;Tetris&#8221; per Twils, invece, \u00e8 realizzata in legno riciclato e si caratterizza per un design modulare e flessibile.<\/span><\/h4><h4 data-sourcepos=\"24:1-24:233\"><span style=\"color: #ffffff;\"><strong>Cairoli &amp; Donzelli sono convinti che il design possa avere un impatto positivo sulla societ\u00e0.<\/strong> I loro progetti sono progettati per migliorare la qualit\u00e0 della vita delle persone e per rendere il mondo un posto pi\u00f9 sostenibile.<\/span><\/h4>\t\t\t\t\t\t\t\t<\/div>\n\t\t\t\t<\/div>\n\t\t\t\t<div class=\"elementor-element elementor-element-c95bea5 elementor-widget elementor-widget-spacer\" data-id=\"c95bea5\" data-element_type=\"widget\" data-e-type=\"widget\" data-widget_type=\"spacer.default\">\n\t\t\t\t<div class=\"elementor-widget-container\">\n\t\t\t\t\t\t\t<div class=\"elementor-spacer\">\n\t\t\t<div class=\"elementor-spacer-inner\"><\/div>\n\t\t<\/div>\n\t\t\t\t\t\t<\/div>\n\t\t\t\t<\/div>\n\t\t\t\t\t<\/div>\n\t\t<\/div>\n\t\t\t\t<div class=\"elementor-column elementor-col-50 elementor-top-column elementor-element elementor-element-b316975 qodef-sticky-column\" data-id=\"b316975\" data-element_type=\"column\" data-e-type=\"column\" data-settings=\"{&quot;background_background&quot;:&quot;classic&quot;}\">\n\t\t\t<div class=\"elementor-widget-wrap elementor-element-populated\">\n\t\t\t\t\t\t<div class=\"elementor-element elementor-element-2e9e9ae elementor-widget elementor-widget-spacer\" data-id=\"2e9e9ae\" data-element_type=\"widget\" data-e-type=\"widget\" data-widget_type=\"spacer.default\">\n\t\t\t\t<div class=\"elementor-widget-container\">\n\t\t\t\t\t\t\t<div class=\"elementor-spacer\">\n\t\t\t<div class=\"elementor-spacer-inner\"><\/div>\n\t\t<\/div>\n\t\t\t\t\t\t<\/div>\n\t\t\t\t<\/div>\n\t\t\t\t\t<\/div>\n\t\t<\/div>\n\t\t\t\t\t<\/div>\n\t\t<\/section>\n\t\t\t\t<\/div>","protected":false},"excerpt":{"rendered":"<p>Designers Cairoli &#038;&#038; Donzelli Cairoli &amp; Donzelli \u00e8 uno studio di architettura italiano fondato nel 1986 da Gaspare Cairoli e Stefano Donzelli. Lo studio si trova a Meda, in Italia, e si occupa di una vasta gamma di progetti, tra cui architettura, design industriale, design di interni e comunicazione visiva. Il lavoro di Cairoli &amp; [&hellip;]<\/p>\n","protected":false},"author":1,"featured_media":0,"parent":0,"menu_order":0,"comment_status":"closed","ping_status":"closed","template":"page-full-width.php","meta":{"_coblocks_attr":"","_coblocks_dimensions":"","_coblocks_responsive_height":"","_coblocks_accordion_ie_support":"","om_disable_all_campaigns":false,"_monsterinsights_skip_tracking":false,"_monsterinsights_sitenote_active":false,"_monsterinsights_sitenote_note":"","_monsterinsights_sitenote_category":0,"footnotes":""},"class_list":["post-15897","page","type-page","status-publish","hentry"],"aioseo_notices":[],"_links":{"self":[{"href":"https:\/\/www.rapsel.it\/en\/wp-json\/wp\/v2\/pages\/15897","targetHints":{"allow":["GET"]}}],"collection":[{"href":"https:\/\/www.rapsel.it\/en\/wp-json\/wp\/v2\/pages"}],"about":[{"href":"https:\/\/www.rapsel.it\/en\/wp-json\/wp\/v2\/types\/page"}],"author":[{"embeddable":true,"href":"https:\/\/www.rapsel.it\/en\/wp-json\/wp\/v2\/users\/1"}],"replies":[{"embeddable":true,"href":"https:\/\/www.rapsel.it\/en\/wp-json\/wp\/v2\/comments?post=15897"}],"version-history":[{"count":7,"href":"https:\/\/www.rapsel.it\/en\/wp-json\/wp\/v2\/pages\/15897\/revisions"}],"predecessor-version":[{"id":16001,"href":"https:\/\/www.rapsel.it\/en\/wp-json\/wp\/v2\/pages\/15897\/revisions\/16001"}],"wp:attachment":[{"href":"https:\/\/www.rapsel.it\/en\/wp-json\/wp\/v2\/media?parent=15897"}],"curies":[{"name":"wp","href":"https:\/\/api.w.org\/{rel}","templated":true}]}}