{"id":15893,"date":"2023-12-21T11:09:08","date_gmt":"2023-12-21T11:09:08","guid":{"rendered":"https:\/\/www.rapsel.it\/?page_id=15893"},"modified":"2024-03-26T17:57:54","modified_gmt":"2024-03-26T17:57:54","slug":"andree-putman-2","status":"publish","type":"page","link":"https:\/\/www.rapsel.it\/en\/andree-putman-2\/","title":{"rendered":"Andree Putman"},"content":{"rendered":"<div data-elementor-type=\"wp-page\" data-elementor-id=\"15893\" class=\"elementor elementor-15893\">\n\t\t\t\t\t\t<section class=\"elementor-section elementor-top-section elementor-element elementor-element-a9986a1 elementor-section-full_width elementor-section-height-default elementor-section-height-default qodef-elementor-content-no\" data-id=\"a9986a1\" data-element_type=\"section\" data-e-type=\"section\" data-settings=\"{&quot;background_background&quot;:&quot;classic&quot;}\">\n\t\t\t\t\t\t<div class=\"elementor-container elementor-column-gap-default\">\n\t\t\t\t\t<div class=\"elementor-column elementor-col-50 elementor-top-column elementor-element elementor-element-35ff6db\" data-id=\"35ff6db\" data-element_type=\"column\" data-e-type=\"column\">\n\t\t\t<div class=\"elementor-widget-wrap elementor-element-populated\">\n\t\t\t\t\t\t<div class=\"elementor-element elementor-element-c05442a elementor-widget elementor-widget-spacer\" data-id=\"c05442a\" data-element_type=\"widget\" data-e-type=\"widget\" data-widget_type=\"spacer.default\">\n\t\t\t\t<div class=\"elementor-widget-container\">\n\t\t\t\t\t\t\t<div class=\"elementor-spacer\">\n\t\t\t<div class=\"elementor-spacer-inner\"><\/div>\n\t\t<\/div>\n\t\t\t\t\t\t<\/div>\n\t\t\t\t<\/div>\n\t\t\t\t<div class=\"elementor-element elementor-element-c2e6728 elementor-invisible elementor-widget elementor-widget-archicon_core_icon_with_text\" data-id=\"c2e6728\" data-element_type=\"widget\" data-e-type=\"widget\" data-settings=\"{&quot;_animation&quot;:&quot;fadeInLeft&quot;}\" data-widget_type=\"archicon_core_icon_with_text.default\">\n\t\t\t\t<div class=\"elementor-widget-container\">\n\t\t\t\t\t<div class=\"qodef-shortcode qodef-m  qodef-icon-with-text qodef-layout--before-content qodef--icon-pack\">\n\t<div class=\"qodef-m-icon-wrapper\" >\n\t\t<span class=\"qodef-shortcode qodef-m  qodef-icon-holder qodef-size--small qodef-layout--normal\"  >\t\t\t<a itemprop=\"url\" href=\"\/en\/designers\/\" target=\"_self\">\t\t\t<span class=\"qodef-icon-elegant-icons arrow_left qodef-icon qodef-e\" style=\"color: #FFFFFF\" ><\/span>\t\t\t<\/a>\t<\/span>\t<\/div>\n\t<div class=\"qodef-m-content\">\n\t\t\t<h5 class=\"qodef-m-title\" style=\"color: #FFFFFF\">\n\t\t\t\t\t<a itemprop=\"url\" href=\"\/en\/designers\/\" target=\"_self\">\n\t\t\t\t\t<span class=\"qodef-m-title-text\">Designers<\/span>\n\t\t\t\t\t<\/a>\n\t\t\t<\/h5>\n\t\t\t<\/div>\n<\/div>\n\t\t\t\t<\/div>\n\t\t\t\t<\/div>\n\t\t\t\t<div class=\"elementor-element elementor-element-0524d62 elementor-widget elementor-widget-archicon_core_section_title\" data-id=\"0524d62\" data-element_type=\"widget\" data-e-type=\"widget\" data-widget_type=\"archicon_core_section_title.default\">\n\t\t\t\t<div class=\"elementor-widget-container\">\n\t\t\t\t\t<div class=\"qodef-shortcode qodef-m  qodef-section-title qodef-alignment--left\"  >\n\t\t\t<h1 class=\"qodef-m-title\" style=\"color: #FFFFFF\">\n\t<span class=\"qodef-m-title-inner\" style=\"--qodef-st-custom-ls: -0.08em\">\n\t\t\tAndree<br \/> <span class=\"qodef-m-highlight-text\" ><span class=\"qodef--original\">Putman<\/span><span class=\"qodef--fake\" >Putman<\/span><\/span>\t\t<\/span>\n\t<\/h1>\n\t\t<\/div>\n\t\t\t\t<\/div>\n\t\t\t\t<\/div>\n\t\t\t\t<div class=\"elementor-element elementor-element-4e89b10 elementor-widget elementor-widget-spacer\" data-id=\"4e89b10\" data-element_type=\"widget\" data-e-type=\"widget\" data-widget_type=\"spacer.default\">\n\t\t\t\t<div class=\"elementor-widget-container\">\n\t\t\t\t\t\t\t<div class=\"elementor-spacer\">\n\t\t\t<div class=\"elementor-spacer-inner\"><\/div>\n\t\t<\/div>\n\t\t\t\t\t\t<\/div>\n\t\t\t\t<\/div>\n\t\t\t\t<div class=\"elementor-element elementor-element-a8be3a7 elementor-widget elementor-widget-archicon_core_icon_with_text\" data-id=\"a8be3a7\" data-element_type=\"widget\" data-e-type=\"widget\" data-widget_type=\"archicon_core_icon_with_text.default\">\n\t\t\t\t<div class=\"elementor-widget-container\">\n\t\t\t\t\t<div class=\"qodef-shortcode qodef-m  qodef-icon-with-text qodef-layout--top qodef--custom-icon  qodef-alignment--left\">\n\t<div class=\"qodef-m-icon-wrapper\">\n\t\t\t\t\t<img decoding=\"async\" width=\"114\" height=\"115\" src=\"https:\/\/www.rapsel.it\/wp-content\/uploads\/2022\/04\/Group-1687.svg\" class=\"attachment-full size-full\" alt=\"d\" \/>\t\t<\/div>\n\t<div class=\"qodef-m-content\">\n\t\t\t\t\t<\/div>\n<\/div>\n\t\t\t\t<\/div>\n\t\t\t\t<\/div>\n\t\t\t\t<div class=\"elementor-element elementor-element-fdd52bf elementor-invisible elementor-widget elementor-widget-text-editor\" data-id=\"fdd52bf\" data-element_type=\"widget\" data-e-type=\"widget\" data-settings=\"{&quot;_animation&quot;:&quot;fadeInUp&quot;}\" data-widget_type=\"text-editor.default\">\n\t\t\t\t<div class=\"elementor-widget-container\">\n\t\t\t\t\t\t\t\t\t<h4 data-sourcepos=\"3:1-4:24\"><span style=\"color: #ffffff;\">Andr\u00e9e Putman, nata Christine Aynard, \u00e8 stata un&#8217;architetta e designer francese nata a Parigi nel 1925 e morta a Parigi nel 2013. \u00c8 stata una delle figure pi\u00f9 influenti del design del XX e XXI secolo.<\/span><\/h4><div class=\"image-container hide-from-message-actions ng-star-inserted\"><div class=\"overlay-container ng-star-inserted\"><span class=\"ng-star-inserted\" style=\"color: #ffffff;\" data-test-id=\"content\"><a class=\"image-source-link ng-star-inserted\" style=\"color: #ffffff;\" href=\"https:\/\/fondationcab.com\/fr\/exhibitions\/andree-putman\" target=\"_blank\" rel=\"noopener noreferrer\" aria-live=\"polite\"><img decoding=\"async\" class=\"image\" src=\"https:\/\/encrypted-tbn1.gstatic.com\/images?q=tbn:ANd9GcSjVi7nrecSWgWE8ks2uslXHpGYgO41Q2RWLGgxhBqiUEkyTeNCTJ4R7bnpfIDu\" alt=\"Image of Andr\u00e9e Putman\" \/><\/a><\/span><\/div><\/div><h4 data-sourcepos=\"6:1-6:268\"><span style=\"color: #ffffff;\"><strong>Putman ha iniziato la sua carriera come giornalista per diverse riviste, tra cui Elle e Vogue.<\/strong> Nel 1962, ha fondato la sua societ\u00e0 di design, Ecart International, che ha lavorato a una vasta gamma di progetti, tra cui mobili, illuminazione, interni e architettura.<\/span><\/h4><h4 data-sourcepos=\"8:1-8:188\"><span style=\"color: #ffffff;\"><strong>Il lavoro di Putman \u00e8 caratterizzato da un approccio minimalista e raffinato.<\/strong> I suoi progetti sono spesso ispirati alla purezza delle forme geometriche e alla semplicit\u00e0 dei materiali.<\/span><\/h4><h4 data-sourcepos=\"10:1-10:66\"><span style=\"color: #ffffff;\"><strong>Alcuni dei progetti pi\u00f9 importanti di Andr\u00e9e Putman includono:<\/strong><\/span><\/h4><ul data-sourcepos=\"12:1-19:0\"><li data-sourcepos=\"12:1-13:63\"><h4 data-sourcepos=\"12:3-13:63\"><span style=\"color: #ffffff;\"><strong>L&#8217;Hotel Morgans di New York<\/strong> (1984)<\/span><\/h4><\/li><li data-sourcepos=\"14:1-15:0\"><h4 data-sourcepos=\"14:3-14:38\"><span style=\"color: #ffffff;\"><strong>L&#8217;Hotel Nhow di Amsterdam<\/strong> (1992)<\/span><\/h4><\/li><li data-sourcepos=\"16:1-16:63\"><h4 data-sourcepos=\"16:3-16:63\"><span style=\"color: #ffffff;\"><strong>La linea di mobili per la casa &#8220;Canova&#8221; per Driade<\/strong> (1994)<\/span><\/h4><\/li><li data-sourcepos=\"17:1-17:50\"><h4 data-sourcepos=\"17:3-17:50\"><span style=\"color: #ffffff;\"><strong>La lampada da tavolo &#8220;Cobra&#8221; per Flos<\/strong> (1994)<\/span><\/h4><\/li><li data-sourcepos=\"18:1-19:0\"><h4 data-sourcepos=\"18:3-18:74\"><span style=\"color: #ffffff;\"><strong>La linea di prodotti per il bagno &#8220;Ligne Blanche&#8221; per Duravit<\/strong> (2004)<\/span><\/h4><\/li><\/ul><h4 data-sourcepos=\"20:1-20:149\"><span style=\"color: #ffffff;\"><strong>Putman \u00e8 stata anche una pioniera del design sostenibile.<\/strong> Ha lavorato a numerosi progetti che miravano a ridurre l&#8217;impatto ambientale del design.<\/span><\/h4><h4 data-sourcepos=\"22:1-22:243\"><span style=\"color: #ffffff;\"><strong>Il lavoro di Andr\u00e9e Putman ha avuto un impatto significativo sul mondo del design.<\/strong> I suoi progetti sono stati ammirati da critici e appassionati di design di tutto il mondo, e hanno contribuito a definire lo stile del design contemporaneo.<\/span><\/h4><h4 data-sourcepos=\"24:1-24:188\"><span style=\"color: #ffffff;\"><strong>Nel 1987, Putman \u00e8 stata insignita del Compasso d&#8217;Oro, il pi\u00f9 importante premio italiano per il design.<\/strong> Nel 2010, \u00e8 stata insignita del Design Award of the Federal Republic of Germany.<\/span><\/h4>\t\t\t\t\t\t\t\t<\/div>\n\t\t\t\t<\/div>\n\t\t\t\t<div class=\"elementor-element elementor-element-c95bea5 elementor-widget elementor-widget-spacer\" data-id=\"c95bea5\" data-element_type=\"widget\" data-e-type=\"widget\" data-widget_type=\"spacer.default\">\n\t\t\t\t<div class=\"elementor-widget-container\">\n\t\t\t\t\t\t\t<div class=\"elementor-spacer\">\n\t\t\t<div class=\"elementor-spacer-inner\"><\/div>\n\t\t<\/div>\n\t\t\t\t\t\t<\/div>\n\t\t\t\t<\/div>\n\t\t\t\t\t<\/div>\n\t\t<\/div>\n\t\t\t\t<div class=\"elementor-column elementor-col-50 elementor-top-column elementor-element elementor-element-b316975 qodef-sticky-column\" data-id=\"b316975\" data-element_type=\"column\" data-e-type=\"column\" data-settings=\"{&quot;background_background&quot;:&quot;classic&quot;}\">\n\t\t\t<div class=\"elementor-widget-wrap elementor-element-populated\">\n\t\t\t\t\t\t<div class=\"elementor-element elementor-element-2e9e9ae elementor-widget elementor-widget-spacer\" data-id=\"2e9e9ae\" data-element_type=\"widget\" data-e-type=\"widget\" data-widget_type=\"spacer.default\">\n\t\t\t\t<div class=\"elementor-widget-container\">\n\t\t\t\t\t\t\t<div class=\"elementor-spacer\">\n\t\t\t<div class=\"elementor-spacer-inner\"><\/div>\n\t\t<\/div>\n\t\t\t\t\t\t<\/div>\n\t\t\t\t<\/div>\n\t\t\t\t\t<\/div>\n\t\t<\/div>\n\t\t\t\t\t<\/div>\n\t\t<\/section>\n\t\t\t\t<\/div>","protected":false},"excerpt":{"rendered":"<p>Designers Andree PutmanPutman Andr\u00e9e Putman, nata Christine Aynard, \u00e8 stata un&#8217;architetta e designer francese nata a Parigi nel 1925 e morta a Parigi nel 2013. \u00c8 stata una delle figure pi\u00f9 influenti del design del XX e XXI secolo. Putman ha iniziato la sua carriera come giornalista per diverse riviste, tra cui Elle e Vogue. [&hellip;]<\/p>\n","protected":false},"author":1,"featured_media":0,"parent":0,"menu_order":0,"comment_status":"closed","ping_status":"closed","template":"page-full-width.php","meta":{"_coblocks_attr":"","_coblocks_dimensions":"","_coblocks_responsive_height":"","_coblocks_accordion_ie_support":"","om_disable_all_campaigns":false,"_monsterinsights_skip_tracking":false,"_monsterinsights_sitenote_active":false,"_monsterinsights_sitenote_note":"","_monsterinsights_sitenote_category":0,"footnotes":""},"class_list":["post-15893","page","type-page","status-publish","hentry"],"aioseo_notices":[],"_links":{"self":[{"href":"https:\/\/www.rapsel.it\/en\/wp-json\/wp\/v2\/pages\/15893","targetHints":{"allow":["GET"]}}],"collection":[{"href":"https:\/\/www.rapsel.it\/en\/wp-json\/wp\/v2\/pages"}],"about":[{"href":"https:\/\/www.rapsel.it\/en\/wp-json\/wp\/v2\/types\/page"}],"author":[{"embeddable":true,"href":"https:\/\/www.rapsel.it\/en\/wp-json\/wp\/v2\/users\/1"}],"replies":[{"embeddable":true,"href":"https:\/\/www.rapsel.it\/en\/wp-json\/wp\/v2\/comments?post=15893"}],"version-history":[{"count":7,"href":"https:\/\/www.rapsel.it\/en\/wp-json\/wp\/v2\/pages\/15893\/revisions"}],"predecessor-version":[{"id":15984,"href":"https:\/\/www.rapsel.it\/en\/wp-json\/wp\/v2\/pages\/15893\/revisions\/15984"}],"wp:attachment":[{"href":"https:\/\/www.rapsel.it\/en\/wp-json\/wp\/v2\/media?parent=15893"}],"curies":[{"name":"wp","href":"https:\/\/api.w.org\/{rel}","templated":true}]}}