{"id":15892,"date":"2023-12-21T11:08:55","date_gmt":"2023-12-21T11:08:55","guid":{"rendered":"https:\/\/www.rapsel.it\/?page_id=15892"},"modified":"2024-03-26T17:57:11","modified_gmt":"2024-03-26T17:57:11","slug":"capilla-vallejo-2","status":"publish","type":"page","link":"https:\/\/www.rapsel.it\/en\/capilla-vallejo-2\/","title":{"rendered":"Capilla &#038; Vallejo"},"content":{"rendered":"<div data-elementor-type=\"wp-page\" data-elementor-id=\"15892\" class=\"elementor elementor-15892\">\n\t\t\t\t\t\t<section class=\"elementor-section elementor-top-section elementor-element elementor-element-a9986a1 elementor-section-full_width elementor-section-height-default elementor-section-height-default qodef-elementor-content-no\" data-id=\"a9986a1\" data-element_type=\"section\" data-e-type=\"section\" data-settings=\"{&quot;background_background&quot;:&quot;classic&quot;}\">\n\t\t\t\t\t\t<div class=\"elementor-container elementor-column-gap-default\">\n\t\t\t\t\t<div class=\"elementor-column elementor-col-50 elementor-top-column elementor-element elementor-element-35ff6db\" data-id=\"35ff6db\" data-element_type=\"column\" data-e-type=\"column\">\n\t\t\t<div class=\"elementor-widget-wrap elementor-element-populated\">\n\t\t\t\t\t\t<div class=\"elementor-element elementor-element-c05442a elementor-widget elementor-widget-spacer\" data-id=\"c05442a\" data-element_type=\"widget\" data-e-type=\"widget\" data-widget_type=\"spacer.default\">\n\t\t\t\t<div class=\"elementor-widget-container\">\n\t\t\t\t\t\t\t<div class=\"elementor-spacer\">\n\t\t\t<div class=\"elementor-spacer-inner\"><\/div>\n\t\t<\/div>\n\t\t\t\t\t\t<\/div>\n\t\t\t\t<\/div>\n\t\t\t\t<div class=\"elementor-element elementor-element-c2e6728 elementor-invisible elementor-widget elementor-widget-archicon_core_icon_with_text\" data-id=\"c2e6728\" data-element_type=\"widget\" data-e-type=\"widget\" data-settings=\"{&quot;_animation&quot;:&quot;fadeInLeft&quot;}\" data-widget_type=\"archicon_core_icon_with_text.default\">\n\t\t\t\t<div class=\"elementor-widget-container\">\n\t\t\t\t\t<div class=\"qodef-shortcode qodef-m  qodef-icon-with-text qodef-layout--before-content qodef--icon-pack\">\n\t<div class=\"qodef-m-icon-wrapper\" >\n\t\t<span class=\"qodef-shortcode qodef-m  qodef-icon-holder qodef-size--small qodef-layout--normal\"  >\t\t\t<a itemprop=\"url\" href=\"\/en\/designers\/\" target=\"_self\">\t\t\t<span class=\"qodef-icon-elegant-icons arrow_left qodef-icon qodef-e\" style=\"color: #FFFFFF\" ><\/span>\t\t\t<\/a>\t<\/span>\t<\/div>\n\t<div class=\"qodef-m-content\">\n\t\t\t<h5 class=\"qodef-m-title\" style=\"color: #FFFFFF\">\n\t\t\t\t\t<a itemprop=\"url\" href=\"\/en\/designers\/\" target=\"_self\">\n\t\t\t\t\t<span class=\"qodef-m-title-text\">Designers<\/span>\n\t\t\t\t\t<\/a>\n\t\t\t<\/h5>\n\t\t\t<\/div>\n<\/div>\n\t\t\t\t<\/div>\n\t\t\t\t<\/div>\n\t\t\t\t<div class=\"elementor-element elementor-element-0524d62 elementor-widget elementor-widget-archicon_core_section_title\" data-id=\"0524d62\" data-element_type=\"widget\" data-e-type=\"widget\" data-widget_type=\"archicon_core_section_title.default\">\n\t\t\t\t<div class=\"elementor-widget-container\">\n\t\t\t\t\t<div class=\"qodef-shortcode qodef-m  qodef-section-title qodef-alignment--left\"  >\n\t\t\t<h1 class=\"qodef-m-title\" style=\"color: #FFFFFF\">\n\t<span class=\"qodef-m-title-inner\" style=\"--qodef-st-custom-ls: -0.08em\">\n\t\t\tCapilla<br \/> <span class=\"qodef-m-highlight-text\" ><span class=\"qodef--original\">&<\/span><span class=\"qodef--fake\" >&<\/span><\/span> Vallejo\t\t<\/span>\n\t<\/h1>\n\t\t<\/div>\n\t\t\t\t<\/div>\n\t\t\t\t<\/div>\n\t\t\t\t<div class=\"elementor-element elementor-element-4e89b10 elementor-widget elementor-widget-spacer\" data-id=\"4e89b10\" data-element_type=\"widget\" data-e-type=\"widget\" data-widget_type=\"spacer.default\">\n\t\t\t\t<div class=\"elementor-widget-container\">\n\t\t\t\t\t\t\t<div class=\"elementor-spacer\">\n\t\t\t<div class=\"elementor-spacer-inner\"><\/div>\n\t\t<\/div>\n\t\t\t\t\t\t<\/div>\n\t\t\t\t<\/div>\n\t\t\t\t<div class=\"elementor-element elementor-element-a8be3a7 elementor-widget elementor-widget-archicon_core_icon_with_text\" data-id=\"a8be3a7\" data-element_type=\"widget\" data-e-type=\"widget\" data-widget_type=\"archicon_core_icon_with_text.default\">\n\t\t\t\t<div class=\"elementor-widget-container\">\n\t\t\t\t\t<div class=\"qodef-shortcode qodef-m  qodef-icon-with-text qodef-layout--top qodef--custom-icon  qodef-alignment--left\">\n\t<div class=\"qodef-m-icon-wrapper\">\n\t\t\t\t\t<img decoding=\"async\" width=\"114\" height=\"115\" src=\"https:\/\/www.rapsel.it\/wp-content\/uploads\/2022\/04\/Group-1687.svg\" class=\"attachment-full size-full\" alt=\"d\" \/>\t\t<\/div>\n\t<div class=\"qodef-m-content\">\n\t\t\t\t\t<\/div>\n<\/div>\n\t\t\t\t<\/div>\n\t\t\t\t<\/div>\n\t\t\t\t<div class=\"elementor-element elementor-element-fdd52bf elementor-invisible elementor-widget elementor-widget-text-editor\" data-id=\"fdd52bf\" data-element_type=\"widget\" data-e-type=\"widget\" data-settings=\"{&quot;_animation&quot;:&quot;fadeInUp&quot;}\" data-widget_type=\"text-editor.default\">\n\t\t\t\t<div class=\"elementor-widget-container\">\n\t\t\t\t\t\t\t\t\t<h4 data-sourcepos=\"3:1-3:270\"><span style=\"color: #ffffff;\">Capilla &amp; Vallejo is a Spanish architecture studio founded in 1985 by Conrado Capilla and Pucho Vallejo. Based in Pamplona, Spain, the studio's portfolio encompasses a diverse range of projects, including architecture, urban design, interior design, and public art.<\/span><\/h4><h4 data-sourcepos=\"5:1-5:322\"><span style=\"color: #ffffff;\"><strong>Il lavoro di Capilla &amp; Vallejo \u00e8 caratterizzato da un approccio olistico al design, che combina l&#8217;estetica con la funzionalit\u00e0 e la sostenibilit\u00e0.<\/strong> I loro progetti sono spesso ispirati al contesto locale e alla cultura, e si concentrano sulla creazione di ambienti che siano belli, utili e rispettosi dell&#8217;ambiente.<\/span><\/h4><h4 data-sourcepos=\"7:1-7:74\"><span style=\"color: #ffffff;\"><strong>Alcuni dei progetti pi\u00f9 importanti di Capilla &amp; Vallejo includono:<\/strong><\/span><\/h4><ul data-sourcepos=\"9:1-15:0\"><li data-sourcepos=\"9:1-10:0\"><h4 data-sourcepos=\"9:3-9:43\"><span style=\"color: #ffffff;\"><strong>La Casa VB a Loredo, Cantabria<\/strong> (2004)<\/span><\/h4><\/li><li data-sourcepos=\"11:1-12:0\"><h4 data-sourcepos=\"11:3-11:43\"><span style=\"color: #ffffff;\"><strong>La Casa GB a Pamplona, Navarra<\/strong> (2006)<\/span><\/h4><\/li><li data-sourcepos=\"13:1-15:0\"><h4 data-sourcepos=\"13:3-13:87\"><span style=\"color: #ffffff;\"><strong>Il Centro di Interpretazione della Natura del Parque Nacional in Cantabria<\/strong> (2010)<\/span><\/h4><\/li><\/ul><h4 data-sourcepos=\"16:1-16:223\"><span style=\"color: #ffffff;\"><strong>Capilla &amp; Vallejo hanno ricevuto numerosi premi per il loro lavoro, tra cui il Premio Nazionale di Architettura spagnolo nel 2007.<\/strong> Sono stati anche invitati a partecipare a numerose mostre e convegni internazionali.<\/span><\/h4><h4 data-sourcepos=\"18:1-18:170\"><span style=\"color: #ffffff;\"><strong>I loro progetti sono stati pubblicati su riviste e libri di architettura di tutto il mondo, e hanno contribuito a definire lo stile del design contemporaneo spagnolo.<\/strong><\/span><\/h4>\t\t\t\t\t\t\t\t<\/div>\n\t\t\t\t<\/div>\n\t\t\t\t<div class=\"elementor-element elementor-element-c95bea5 elementor-widget elementor-widget-spacer\" data-id=\"c95bea5\" data-element_type=\"widget\" data-e-type=\"widget\" data-widget_type=\"spacer.default\">\n\t\t\t\t<div class=\"elementor-widget-container\">\n\t\t\t\t\t\t\t<div class=\"elementor-spacer\">\n\t\t\t<div class=\"elementor-spacer-inner\"><\/div>\n\t\t<\/div>\n\t\t\t\t\t\t<\/div>\n\t\t\t\t<\/div>\n\t\t\t\t\t<\/div>\n\t\t<\/div>\n\t\t\t\t<div class=\"elementor-column elementor-col-50 elementor-top-column elementor-element elementor-element-b316975 qodef-sticky-column\" data-id=\"b316975\" data-element_type=\"column\" data-e-type=\"column\" data-settings=\"{&quot;background_background&quot;:&quot;classic&quot;}\">\n\t\t\t<div class=\"elementor-widget-wrap elementor-element-populated\">\n\t\t\t\t\t\t<div class=\"elementor-element elementor-element-2e9e9ae elementor-widget elementor-widget-spacer\" data-id=\"2e9e9ae\" data-element_type=\"widget\" data-e-type=\"widget\" data-widget_type=\"spacer.default\">\n\t\t\t\t<div class=\"elementor-widget-container\">\n\t\t\t\t\t\t\t<div class=\"elementor-spacer\">\n\t\t\t<div class=\"elementor-spacer-inner\"><\/div>\n\t\t<\/div>\n\t\t\t\t\t\t<\/div>\n\t\t\t\t<\/div>\n\t\t\t\t\t<\/div>\n\t\t<\/div>\n\t\t\t\t\t<\/div>\n\t\t<\/section>\n\t\t\t\t<\/div>","protected":false},"excerpt":{"rendered":"<p>Designers Capilla &#038;&#038; Vallejo Capilla &amp; Vallejo \u00e8 uno studio di architettura spagnolo fondato nel 1985 da Conrado Capilla e Pucho Vallejo. Lo studio si trova a Pamplona, in Spagna, e si occupa di una vasta gamma di progetti, tra cui architettura, design urbano, design di interni e arte pubblica. Il lavoro di Capilla &amp; [&hellip;]<\/p>\n","protected":false},"author":1,"featured_media":0,"parent":0,"menu_order":0,"comment_status":"closed","ping_status":"closed","template":"page-full-width.php","meta":{"_coblocks_attr":"","_coblocks_dimensions":"","_coblocks_responsive_height":"","_coblocks_accordion_ie_support":"","om_disable_all_campaigns":false,"_monsterinsights_skip_tracking":false,"_monsterinsights_sitenote_active":false,"_monsterinsights_sitenote_note":"","_monsterinsights_sitenote_category":0,"footnotes":""},"class_list":["post-15892","page","type-page","status-publish","hentry"],"aioseo_notices":[],"_links":{"self":[{"href":"https:\/\/www.rapsel.it\/en\/wp-json\/wp\/v2\/pages\/15892","targetHints":{"allow":["GET"]}}],"collection":[{"href":"https:\/\/www.rapsel.it\/en\/wp-json\/wp\/v2\/pages"}],"about":[{"href":"https:\/\/www.rapsel.it\/en\/wp-json\/wp\/v2\/types\/page"}],"author":[{"embeddable":true,"href":"https:\/\/www.rapsel.it\/en\/wp-json\/wp\/v2\/users\/1"}],"replies":[{"embeddable":true,"href":"https:\/\/www.rapsel.it\/en\/wp-json\/wp\/v2\/comments?post=15892"}],"version-history":[{"count":10,"href":"https:\/\/www.rapsel.it\/en\/wp-json\/wp\/v2\/pages\/15892\/revisions"}],"predecessor-version":[{"id":15987,"href":"https:\/\/www.rapsel.it\/en\/wp-json\/wp\/v2\/pages\/15892\/revisions\/15987"}],"wp:attachment":[{"href":"https:\/\/www.rapsel.it\/en\/wp-json\/wp\/v2\/media?parent=15892"}],"curies":[{"name":"wp","href":"https:\/\/api.w.org\/{rel}","templated":true}]}}