{"id":15885,"date":"2023-12-21T11:08:35","date_gmt":"2023-12-21T11:08:35","guid":{"rendered":"https:\/\/www.rapsel.it\/?page_id=15885"},"modified":"2024-03-26T17:57:07","modified_gmt":"2024-03-26T17:57:07","slug":"finn-skodt-2","status":"publish","type":"page","link":"https:\/\/www.rapsel.it\/en\/finn-skodt-2\/","title":{"rendered":"Finn Skodt"},"content":{"rendered":"<div data-elementor-type=\"wp-page\" data-elementor-id=\"15885\" class=\"elementor elementor-15885\">\n\t\t\t\t\t\t<section class=\"elementor-section elementor-top-section elementor-element elementor-element-a9986a1 elementor-section-full_width elementor-section-height-default elementor-section-height-default qodef-elementor-content-no\" data-id=\"a9986a1\" data-element_type=\"section\" data-e-type=\"section\" data-settings=\"{&quot;background_background&quot;:&quot;classic&quot;}\">\n\t\t\t\t\t\t<div class=\"elementor-container elementor-column-gap-default\">\n\t\t\t\t\t<div class=\"elementor-column elementor-col-50 elementor-top-column elementor-element elementor-element-35ff6db\" data-id=\"35ff6db\" data-element_type=\"column\" data-e-type=\"column\">\n\t\t\t<div class=\"elementor-widget-wrap elementor-element-populated\">\n\t\t\t\t\t\t<div class=\"elementor-element elementor-element-c05442a elementor-widget elementor-widget-spacer\" data-id=\"c05442a\" data-element_type=\"widget\" data-e-type=\"widget\" data-widget_type=\"spacer.default\">\n\t\t\t\t<div class=\"elementor-widget-container\">\n\t\t\t\t\t\t\t<div class=\"elementor-spacer\">\n\t\t\t<div class=\"elementor-spacer-inner\"><\/div>\n\t\t<\/div>\n\t\t\t\t\t\t<\/div>\n\t\t\t\t<\/div>\n\t\t\t\t<div class=\"elementor-element elementor-element-c2e6728 elementor-invisible elementor-widget elementor-widget-archicon_core_icon_with_text\" data-id=\"c2e6728\" data-element_type=\"widget\" data-e-type=\"widget\" data-settings=\"{&quot;_animation&quot;:&quot;fadeInLeft&quot;}\" data-widget_type=\"archicon_core_icon_with_text.default\">\n\t\t\t\t<div class=\"elementor-widget-container\">\n\t\t\t\t\t<div class=\"qodef-shortcode qodef-m  qodef-icon-with-text qodef-layout--before-content qodef--icon-pack\">\n\t<div class=\"qodef-m-icon-wrapper\" >\n\t\t<span class=\"qodef-shortcode qodef-m  qodef-icon-holder qodef-size--small qodef-layout--normal\"  >\t\t\t<a itemprop=\"url\" href=\"\/en\/designers\/\" target=\"_self\">\t\t\t<span class=\"qodef-icon-elegant-icons arrow_left qodef-icon qodef-e\" style=\"color: #FFFFFF\" ><\/span>\t\t\t<\/a>\t<\/span>\t<\/div>\n\t<div class=\"qodef-m-content\">\n\t\t\t<h5 class=\"qodef-m-title\" style=\"color: #FFFFFF\">\n\t\t\t\t\t<a itemprop=\"url\" href=\"\/en\/designers\/\" target=\"_self\">\n\t\t\t\t\t<span class=\"qodef-m-title-text\">Designers<\/span>\n\t\t\t\t\t<\/a>\n\t\t\t<\/h5>\n\t\t\t<\/div>\n<\/div>\n\t\t\t\t<\/div>\n\t\t\t\t<\/div>\n\t\t\t\t<div class=\"elementor-element elementor-element-0524d62 elementor-widget elementor-widget-archicon_core_section_title\" data-id=\"0524d62\" data-element_type=\"widget\" data-e-type=\"widget\" data-widget_type=\"archicon_core_section_title.default\">\n\t\t\t\t<div class=\"elementor-widget-container\">\n\t\t\t\t\t<div class=\"qodef-shortcode qodef-m  qodef-section-title qodef-alignment--left\"  >\n\t\t\t<h1 class=\"qodef-m-title\" style=\"color: #FFFFFF\">\n\t<span class=\"qodef-m-title-inner\" style=\"--qodef-st-custom-ls: -0.08em\">\n\t\t\tFinn<br \/> <span class=\"qodef-m-highlight-text\" ><span class=\"qodef--original\">Skodt<\/span><span class=\"qodef--fake\" >Skodt<\/span><\/span>\t\t<\/span>\n\t<\/h1>\n\t\t<\/div>\n\t\t\t\t<\/div>\n\t\t\t\t<\/div>\n\t\t\t\t<div class=\"elementor-element elementor-element-4e89b10 elementor-widget elementor-widget-spacer\" data-id=\"4e89b10\" data-element_type=\"widget\" data-e-type=\"widget\" data-widget_type=\"spacer.default\">\n\t\t\t\t<div class=\"elementor-widget-container\">\n\t\t\t\t\t\t\t<div class=\"elementor-spacer\">\n\t\t\t<div class=\"elementor-spacer-inner\"><\/div>\n\t\t<\/div>\n\t\t\t\t\t\t<\/div>\n\t\t\t\t<\/div>\n\t\t\t\t<div class=\"elementor-element elementor-element-a8be3a7 elementor-widget elementor-widget-archicon_core_icon_with_text\" data-id=\"a8be3a7\" data-element_type=\"widget\" data-e-type=\"widget\" data-widget_type=\"archicon_core_icon_with_text.default\">\n\t\t\t\t<div class=\"elementor-widget-container\">\n\t\t\t\t\t<div class=\"qodef-shortcode qodef-m  qodef-icon-with-text qodef-layout--top qodef--custom-icon  qodef-alignment--left\">\n\t<div class=\"qodef-m-icon-wrapper\">\n\t\t\t\t\t<img decoding=\"async\" width=\"114\" height=\"115\" src=\"https:\/\/www.rapsel.it\/wp-content\/uploads\/2022\/04\/Group-1687.svg\" class=\"attachment-full size-full\" alt=\"d\" \/>\t\t<\/div>\n\t<div class=\"qodef-m-content\">\n\t\t\t\t\t<\/div>\n<\/div>\n\t\t\t\t<\/div>\n\t\t\t\t<\/div>\n\t\t\t\t<div class=\"elementor-element elementor-element-fdd52bf elementor-invisible elementor-widget elementor-widget-text-editor\" data-id=\"fdd52bf\" data-element_type=\"widget\" data-e-type=\"widget\" data-settings=\"{&quot;_animation&quot;:&quot;fadeInUp&quot;}\" data-widget_type=\"text-editor.default\">\n\t\t\t\t<div class=\"elementor-widget-container\">\n\t\t\t\t\t\t\t\t\t<h4 data-sourcepos=\"3:1-3:249\"><span style=\"color: #ffffff;\">Finn Skodt was a Danish textile designer who played a significant role in shaping the contemporary Danish textile design landscape. His work was characterized by an innovative and experimental approach, pushing the boundaries of textile design through the use of new materials, techniques, and patterns.<\/span><\/h4><h4 data-sourcepos=\"5:1-5:238\"><span style=\"color: #ffffff;\"><strong>Skodt ha studiato design tessile all&#8217;Istituto di Design Industriale di Copenaghen, dove si \u00e8 laureato nel 1971.<\/strong> Dopo la laurea, ha lavorato come designer freelance per numerose aziende danesi, tra cui Kvadrat, Paustian e Fritz Hansen.<\/span><\/h4><h4 data-sourcepos=\"7:1-7:235\"><span style=\"color: #ffffff;\"><strong>Il lavoro di Skodt \u00e8 caratterizzato da un uso innovativo dei colori e dei materiali.<\/strong> I suoi tessuti sono spesso ispirati alla natura e alla cultura, e si concentrano sulla creazione di prodotti che siano belli, utili e sostenibili.<\/span><\/h4><h4 data-sourcepos=\"9:1-9:63\"><span style=\"color: #ffffff;\"><strong>Alcuni dei progetti pi\u00f9 importanti di Finn Skodt includono:<\/strong><\/span><\/h4><ul data-sourcepos=\"11:1-19:0\"><li data-sourcepos=\"11:1-13:0\"><h4 data-sourcepos=\"11:3-11:59\"><span style=\"color: #ffffff;\"><strong>La collezione di tessuti &#8220;Tendens&#8221; per Kvadrat<\/strong> (1980)<\/span><\/h4><\/li><li data-sourcepos=\"14:1-15:0\"><h4 data-sourcepos=\"14:3-14:56\"><span style=\"color: #ffffff;\"><strong>La collezione di tessuti &#8220;Aura&#8221; per Kvadrat<\/strong> (1985)<\/span><\/h4><\/li><li data-sourcepos=\"16:1-17:0\"><h4 data-sourcepos=\"16:3-16:59\"><span style=\"color: #ffffff;\"><strong>La collezione di tessuti &#8220;Sonata&#8221; per Paustian<\/strong> (1989)<\/span><\/h4><\/li><li data-sourcepos=\"18:1-19:0\"><h4 data-sourcepos=\"18:3-18:64\"><span style=\"color: #ffffff;\"><strong>La collezione di tessuti &#8220;Solaris&#8221; per Fritz Hansen<\/strong> (1995)<\/span><\/h4><\/li><\/ul><h4 data-sourcepos=\"20:1-20:169\"><span style=\"color: #ffffff;\"><strong>Skodt \u00e8 stato anche un importante sostenitore del design sostenibile.<\/strong> Ha lavorato a numerosi progetti che miravano a ridurre l&#8217;impatto ambientale del design tessile.<\/span><\/h4><h4 data-sourcepos=\"22:1-22:255\"><span style=\"color: #ffffff;\"><strong>Il lavoro di Finn Skodt ha avuto un impatto significativo sul mondo del design.<\/strong> I suoi progetti sono stati ammirati da critici e appassionati di design di tutto il mondo, e hanno contribuito a definire lo stile del design tessile danese contemporaneo.<\/span><\/h4><h4 data-sourcepos=\"24:1-24:218\"><span style=\"color: #ffffff;\">Skodt \u00e8 stato insignito di numerosi premi per il suo lavoro, tra cui il premio Lunning nel 1986 e il premio Premio Nazionale di Design danese nel 1993. I suoi tessuti sono esposti in musei e gallerie di tutto il mondo.<\/span><\/h4>\t\t\t\t\t\t\t\t<\/div>\n\t\t\t\t<\/div>\n\t\t\t\t<div class=\"elementor-element elementor-element-c95bea5 elementor-widget elementor-widget-spacer\" data-id=\"c95bea5\" data-element_type=\"widget\" data-e-type=\"widget\" data-widget_type=\"spacer.default\">\n\t\t\t\t<div class=\"elementor-widget-container\">\n\t\t\t\t\t\t\t<div class=\"elementor-spacer\">\n\t\t\t<div class=\"elementor-spacer-inner\"><\/div>\n\t\t<\/div>\n\t\t\t\t\t\t<\/div>\n\t\t\t\t<\/div>\n\t\t\t\t\t<\/div>\n\t\t<\/div>\n\t\t\t\t<div class=\"elementor-column elementor-col-50 elementor-top-column elementor-element elementor-element-b316975 qodef-sticky-column\" data-id=\"b316975\" data-element_type=\"column\" data-e-type=\"column\" data-settings=\"{&quot;background_background&quot;:&quot;classic&quot;}\">\n\t\t\t<div class=\"elementor-widget-wrap elementor-element-populated\">\n\t\t\t\t\t\t<div class=\"elementor-element elementor-element-2e9e9ae elementor-widget elementor-widget-spacer\" data-id=\"2e9e9ae\" data-element_type=\"widget\" data-e-type=\"widget\" data-widget_type=\"spacer.default\">\n\t\t\t\t<div class=\"elementor-widget-container\">\n\t\t\t\t\t\t\t<div class=\"elementor-spacer\">\n\t\t\t<div class=\"elementor-spacer-inner\"><\/div>\n\t\t<\/div>\n\t\t\t\t\t\t<\/div>\n\t\t\t\t<\/div>\n\t\t\t\t\t<\/div>\n\t\t<\/div>\n\t\t\t\t\t<\/div>\n\t\t<\/section>\n\t\t\t\t<\/div>","protected":false},"excerpt":{"rendered":"<p>Designers Finn SkodtSkodt Finn Skodt \u00e8 stato un designer danese nato a Copenaghen nel 1944 e morto a Copenaghen nel 2019. \u00c8 stato un esponente di spicco del design tessile danese contemporaneo, e il suo lavoro \u00e8 stato caratterizzato da un approccio innovativo e sperimentale. Skodt ha studiato design tessile all&#8217;Istituto di Design Industriale di [&hellip;]<\/p>\n","protected":false},"author":1,"featured_media":0,"parent":0,"menu_order":0,"comment_status":"closed","ping_status":"closed","template":"page-full-width.php","meta":{"_coblocks_attr":"","_coblocks_dimensions":"","_coblocks_responsive_height":"","_coblocks_accordion_ie_support":"","om_disable_all_campaigns":false,"_monsterinsights_skip_tracking":false,"_monsterinsights_sitenote_active":false,"_monsterinsights_sitenote_note":"","_monsterinsights_sitenote_category":0,"footnotes":""},"class_list":["post-15885","page","type-page","status-publish","hentry"],"aioseo_notices":[],"_links":{"self":[{"href":"https:\/\/www.rapsel.it\/en\/wp-json\/wp\/v2\/pages\/15885","targetHints":{"allow":["GET"]}}],"collection":[{"href":"https:\/\/www.rapsel.it\/en\/wp-json\/wp\/v2\/pages"}],"about":[{"href":"https:\/\/www.rapsel.it\/en\/wp-json\/wp\/v2\/types\/page"}],"author":[{"embeddable":true,"href":"https:\/\/www.rapsel.it\/en\/wp-json\/wp\/v2\/users\/1"}],"replies":[{"embeddable":true,"href":"https:\/\/www.rapsel.it\/en\/wp-json\/wp\/v2\/comments?post=15885"}],"version-history":[{"count":7,"href":"https:\/\/www.rapsel.it\/en\/wp-json\/wp\/v2\/pages\/15885\/revisions"}],"predecessor-version":[{"id":15990,"href":"https:\/\/www.rapsel.it\/en\/wp-json\/wp\/v2\/pages\/15885\/revisions\/15990"}],"wp:attachment":[{"href":"https:\/\/www.rapsel.it\/en\/wp-json\/wp\/v2\/media?parent=15885"}],"curies":[{"name":"wp","href":"https:\/\/api.w.org\/{rel}","templated":true}]}}