{"id":15860,"date":"2023-12-21T10:20:47","date_gmt":"2023-12-21T10:20:47","guid":{"rendered":"https:\/\/www.rapsel.it\/?page_id=15860"},"modified":"2024-03-26T17:55:32","modified_gmt":"2024-03-26T17:55:32","slug":"philippe-starck-2","status":"publish","type":"page","link":"https:\/\/www.rapsel.it\/en\/philippe-starck-2\/","title":{"rendered":"Philippe Starck"},"content":{"rendered":"<div data-elementor-type=\"wp-page\" data-elementor-id=\"15860\" class=\"elementor elementor-15860\">\n\t\t\t\t\t\t<section class=\"elementor-section elementor-top-section elementor-element elementor-element-a9986a1 elementor-section-full_width elementor-section-height-default elementor-section-height-default qodef-elementor-content-no\" data-id=\"a9986a1\" data-element_type=\"section\" data-e-type=\"section\" data-settings=\"{&quot;background_background&quot;:&quot;classic&quot;}\">\n\t\t\t\t\t\t<div class=\"elementor-container elementor-column-gap-default\">\n\t\t\t\t\t<div class=\"elementor-column elementor-col-50 elementor-top-column elementor-element elementor-element-35ff6db\" data-id=\"35ff6db\" data-element_type=\"column\" data-e-type=\"column\">\n\t\t\t<div class=\"elementor-widget-wrap elementor-element-populated\">\n\t\t\t\t\t\t<div class=\"elementor-element elementor-element-c05442a elementor-widget elementor-widget-spacer\" data-id=\"c05442a\" data-element_type=\"widget\" data-e-type=\"widget\" data-widget_type=\"spacer.default\">\n\t\t\t\t<div class=\"elementor-widget-container\">\n\t\t\t\t\t\t\t<div class=\"elementor-spacer\">\n\t\t\t<div class=\"elementor-spacer-inner\"><\/div>\n\t\t<\/div>\n\t\t\t\t\t\t<\/div>\n\t\t\t\t<\/div>\n\t\t\t\t<div class=\"elementor-element elementor-element-c2e6728 elementor-invisible elementor-widget elementor-widget-archicon_core_icon_with_text\" data-id=\"c2e6728\" data-element_type=\"widget\" data-e-type=\"widget\" data-settings=\"{&quot;_animation&quot;:&quot;fadeInLeft&quot;}\" data-widget_type=\"archicon_core_icon_with_text.default\">\n\t\t\t\t<div class=\"elementor-widget-container\">\n\t\t\t\t\t<div class=\"qodef-shortcode qodef-m  qodef-icon-with-text qodef-layout--before-content qodef--icon-pack\">\n\t<div class=\"qodef-m-icon-wrapper\" >\n\t\t<span class=\"qodef-shortcode qodef-m  qodef-icon-holder qodef-size--small qodef-layout--normal\"  >\t\t\t<a itemprop=\"url\" href=\"\/en\/designers\/\" target=\"_self\">\t\t\t<span class=\"qodef-icon-elegant-icons arrow_left qodef-icon qodef-e\" style=\"color: #FFFFFF\" ><\/span>\t\t\t<\/a>\t<\/span>\t<\/div>\n\t<div class=\"qodef-m-content\">\n\t\t\t<h5 class=\"qodef-m-title\" style=\"color: #FFFFFF\">\n\t\t\t\t\t<a itemprop=\"url\" href=\"\/en\/designers\/\" target=\"_self\">\n\t\t\t\t\t<span class=\"qodef-m-title-text\">Designers<\/span>\n\t\t\t\t\t<\/a>\n\t\t\t<\/h5>\n\t\t\t<\/div>\n<\/div>\n\t\t\t\t<\/div>\n\t\t\t\t<\/div>\n\t\t\t\t<div class=\"elementor-element elementor-element-0524d62 elementor-widget elementor-widget-archicon_core_section_title\" data-id=\"0524d62\" data-element_type=\"widget\" data-e-type=\"widget\" data-widget_type=\"archicon_core_section_title.default\">\n\t\t\t\t<div class=\"elementor-widget-container\">\n\t\t\t\t\t<div class=\"qodef-shortcode qodef-m  qodef-section-title qodef-alignment--left\"  >\n\t\t\t<h1 class=\"qodef-m-title\" style=\"color: #FFFFFF\">\n\t<span class=\"qodef-m-title-inner\" style=\"--qodef-st-custom-ls: -0.08em\">\n\t\t\tPhilippe<br \/> <span class=\"qodef-m-highlight-text\" ><span class=\"qodef--original\">Starck<\/span><span class=\"qodef--fake\" >Starck<\/span><\/span>\t\t<\/span>\n\t<\/h1>\n\t\t<\/div>\n\t\t\t\t<\/div>\n\t\t\t\t<\/div>\n\t\t\t\t<div class=\"elementor-element elementor-element-4e89b10 elementor-widget elementor-widget-spacer\" data-id=\"4e89b10\" data-element_type=\"widget\" data-e-type=\"widget\" data-widget_type=\"spacer.default\">\n\t\t\t\t<div class=\"elementor-widget-container\">\n\t\t\t\t\t\t\t<div class=\"elementor-spacer\">\n\t\t\t<div class=\"elementor-spacer-inner\"><\/div>\n\t\t<\/div>\n\t\t\t\t\t\t<\/div>\n\t\t\t\t<\/div>\n\t\t\t\t<div class=\"elementor-element elementor-element-a8be3a7 elementor-widget elementor-widget-archicon_core_icon_with_text\" data-id=\"a8be3a7\" data-element_type=\"widget\" data-e-type=\"widget\" data-widget_type=\"archicon_core_icon_with_text.default\">\n\t\t\t\t<div class=\"elementor-widget-container\">\n\t\t\t\t\t<div class=\"qodef-shortcode qodef-m  qodef-icon-with-text qodef-layout--top qodef--custom-icon  qodef-alignment--left\">\n\t<div class=\"qodef-m-icon-wrapper\">\n\t\t\t\t\t<img decoding=\"async\" width=\"114\" height=\"115\" src=\"https:\/\/www.rapsel.it\/wp-content\/uploads\/2022\/04\/Group-1687.svg\" class=\"attachment-full size-full\" alt=\"d\" \/>\t\t<\/div>\n\t<div class=\"qodef-m-content\">\n\t\t\t\t\t<\/div>\n<\/div>\n\t\t\t\t<\/div>\n\t\t\t\t<\/div>\n\t\t\t\t<div class=\"elementor-element elementor-element-fdd52bf elementor-invisible elementor-widget elementor-widget-text-editor\" data-id=\"fdd52bf\" data-element_type=\"widget\" data-e-type=\"widget\" data-settings=\"{&quot;_animation&quot;:&quot;fadeInUp&quot;}\" data-widget_type=\"text-editor.default\">\n\t\t\t\t<div class=\"elementor-widget-container\">\n\t\t\t\t\t\t\t\t\t<h4 data-sourcepos=\"3:1-3:245\"><span style=\"color: #ffffff;\">Philippe Starck \u00e8 un architetto e designer francese nato a Parigi nel 1949. \u00c8 noto per il suo lavoro nel campo del design industriale, dell&#8217;architettura e del design di interni. \u00c8 considerato uno dei designer pi\u00f9 prolifici e influenti del mondo.<\/span><\/h4><h4 data-sourcepos=\"5:1-5:291\"><span style=\"color: #ffffff;\"><strong>Starck ha iniziato la sua carriera come designer di mobili, e ha rapidamente raggiunto il successo con progetti come la sedia &#8220;D.J.&#8221; e la poltrona &#8220;Louis Ghost&#8221;.<\/strong> Nel corso della sua carriera, ha lavorato con numerose aziende internazionali, tra cui Alessi, Kartell, Flos e Louis Vuitton.<\/span><\/h4><h4 data-sourcepos=\"7:1-7:221\"><span style=\"color: #ffffff;\"><strong>I progetti di Starck sono caratterizzati da un approccio innovativo e anticonformista.<\/strong> I suoi prodotti sono spesso audaci e provocatori, e si concentrano sulla creazione di oggetti che siano belli, utili e divertenti.<\/span><\/h4><h4 data-sourcepos=\"9:1-9:197\"><span style=\"color: #ffffff;\"><strong>Starck ha lavorato in una vasta gamma di campi, tra cui l&#8217;architettura, il design industriale, il design della comunicazione e il design di interni.<\/strong> Tra i suoi progetti pi\u00f9 importanti figurano:<\/span><\/h4><ul data-sourcepos=\"11:1-21:0\"><li data-sourcepos=\"11:1-12:40\"><h4 data-sourcepos=\"11:3-12:40\"><span style=\"color: #ffffff;\"><strong>La sedia &#8220;D.J.&#8221; per Driade<\/strong> (1991)<\/span><\/h4><div class=\"image-container hide-from-message-actions ng-star-inserted\"><div class=\"overlay-container ng-star-inserted\"><span style=\"color: #ffffff;\"><a class=\"image-source-link ng-star-inserted\" style=\"color: #ffffff;\" href=\"https:\/\/www.grandvintage.it\/italiano\/set-di-4-sedie-hi-cut-di-philippe-starck-per-kartell-trasparenti-e-rosse.html\" target=\"_blank\" rel=\"noopener noreferrer\" aria-live=\"polite\"><span class=\"ng-star-inserted\" data-test-id=\"content\"><img decoding=\"async\" class=\"image\" src=\"https:\/\/encrypted-tbn2.gstatic.com\/images?q=tbn:ANd9GcRvN_LG6DYt8b2YxYia1udiXZH96V8C1OrTKy-EF91rlTb9IAEF3LNRF8rLAzHc\" alt=\"Image of Sedia D.J. di Philippe Starck\" \/><\/span><\/a><\/span><\/div><\/div><\/li><li data-sourcepos=\"13:1-14:50\"><h4 data-sourcepos=\"13:3-14:50\"><span style=\"color: #ffffff;\"><strong>La poltrona &#8220;Louis Ghost&#8221; per Kartell<\/strong> (2002)<\/span><\/h4><div class=\"image-container hide-from-message-actions ng-star-inserted\"><div class=\"overlay-container ng-star-inserted\"><span style=\"color: #ffffff;\"><a class=\"image-source-link ng-star-inserted\" style=\"color: #ffffff;\" href=\"https:\/\/www.madeindesign.it\/prod-poltrona-louis-ghost-set-di-4-di-kartell-ref4853.html\" target=\"_blank\" rel=\"noopener noreferrer\" aria-live=\"polite\"><span class=\"ng-star-inserted\" data-test-id=\"content\"><img decoding=\"async\" class=\"image\" src=\"https:\/\/encrypted-tbn0.gstatic.com\/images?q=tbn:ANd9GcS75VVZobEB38Po8K4G7GiAnT05bvT2DRCfZEIDpbhkXrpHQYTU8hUR3yhGvKEN\" alt=\"Image of Poltrona Louis Ghost di Philippe Starck\" \/><\/span><\/a><\/span><\/div><\/div><\/li><li data-sourcepos=\"15:1-16:0\"><h4 data-sourcepos=\"15:3-15:41\"><span style=\"color: #ffffff;\"><strong>La lampada &#8220;LouLou&#8221; per Flos<\/strong> (1992)<\/span><\/h4><\/li><li data-sourcepos=\"17:1-18:0\"><h4 data-sourcepos=\"17:3-17:54\"><span style=\"color: #ffffff;\"><strong>La linea di prodotti &#8220;Bistrot&#8221; per Alessi<\/strong> (1994)<\/span><\/h4><\/li><li data-sourcepos=\"19:1-21:0\"><h4 data-sourcepos=\"19:3-20:62\"><span style=\"color: #ffffff;\"><strong>L&#8217;Hotel Costes di Parigi<\/strong> (1992)<\/span><\/h4><div class=\"image-container hide-from-message-actions ng-star-inserted\"><div class=\"overlay-container ng-star-inserted\"><span style=\"color: #ffffff;\"><a class=\"image-source-link ng-star-inserted\" style=\"color: #ffffff;\" href=\"https:\/\/www.pamono.it\/sedie-da-pranzo-costes-vintage-di-philippe-starck-per-driade-set-di-6\" target=\"_blank\" rel=\"noopener noreferrer\" aria-live=\"polite\"><span class=\"ng-star-inserted\" data-test-id=\"content\"><img decoding=\"async\" class=\"image\" src=\"https:\/\/encrypted-tbn2.gstatic.com\/images?q=tbn:ANd9GcQl6TnfeUbF5yIlbc_Roc6Qlylc9GDPiQgWUcE6ZgYcmXF0z9GzIKrpxydgCDFL\" alt=\"Image of Hotel Costes di Parigi, progetto di Philippe Starck\" \/><\/span><\/a><\/span><\/div><\/div><\/li><\/ul><h4 data-sourcepos=\"22:1-22:160\"><span style=\"color: #ffffff;\"><strong>Starck \u00e8 stato anche un importante sostenitore del design sostenibile.<\/strong> Ha lavorato a numerosi progetti che mirano a ridurre l&#8217;impatto ambientale del design.<\/span><\/h4><h4 data-sourcepos=\"24:1-24:245\"><span style=\"color: #ffffff;\"><strong>Il lavoro di Philippe Starck ha avuto un impatto significativo sul mondo del design.<\/strong> I suoi progetti sono stati ammirati da critici e appassionati di design di tutto il mondo, e hanno contribuito a definire lo stile del design contemporaneo.<\/span><\/h4>\t\t\t\t\t\t\t\t<\/div>\n\t\t\t\t<\/div>\n\t\t\t\t<div class=\"elementor-element elementor-element-c95bea5 elementor-widget elementor-widget-spacer\" data-id=\"c95bea5\" data-element_type=\"widget\" data-e-type=\"widget\" data-widget_type=\"spacer.default\">\n\t\t\t\t<div class=\"elementor-widget-container\">\n\t\t\t\t\t\t\t<div class=\"elementor-spacer\">\n\t\t\t<div class=\"elementor-spacer-inner\"><\/div>\n\t\t<\/div>\n\t\t\t\t\t\t<\/div>\n\t\t\t\t<\/div>\n\t\t\t\t\t<\/div>\n\t\t<\/div>\n\t\t\t\t<div class=\"elementor-column elementor-col-50 elementor-top-column elementor-element elementor-element-b316975 qodef-sticky-column\" data-id=\"b316975\" data-element_type=\"column\" data-e-type=\"column\" data-settings=\"{&quot;background_background&quot;:&quot;classic&quot;}\">\n\t\t\t<div class=\"elementor-widget-wrap elementor-element-populated\">\n\t\t\t\t\t\t<div class=\"elementor-element elementor-element-2e9e9ae elementor-widget elementor-widget-spacer\" data-id=\"2e9e9ae\" data-element_type=\"widget\" data-e-type=\"widget\" data-widget_type=\"spacer.default\">\n\t\t\t\t<div class=\"elementor-widget-container\">\n\t\t\t\t\t\t\t<div class=\"elementor-spacer\">\n\t\t\t<div class=\"elementor-spacer-inner\"><\/div>\n\t\t<\/div>\n\t\t\t\t\t\t<\/div>\n\t\t\t\t<\/div>\n\t\t\t\t\t<\/div>\n\t\t<\/div>\n\t\t\t\t\t<\/div>\n\t\t<\/section>\n\t\t\t\t<\/div>","protected":false},"excerpt":{"rendered":"<p>Designers Philippe StarckStarck Philippe Starck \u00e8 un architetto e designer francese nato a Parigi nel 1949. \u00c8 noto per il suo lavoro nel campo del design industriale, dell&#8217;architettura e del design di interni. \u00c8 considerato uno dei designer pi\u00f9 prolifici e influenti del mondo. Starck ha iniziato la sua carriera come designer di mobili, e [&hellip;]<\/p>\n","protected":false},"author":1,"featured_media":0,"parent":0,"menu_order":0,"comment_status":"closed","ping_status":"closed","template":"page-full-width.php","meta":{"_coblocks_attr":"","_coblocks_dimensions":"","_coblocks_responsive_height":"","_coblocks_accordion_ie_support":"","om_disable_all_campaigns":false,"_monsterinsights_skip_tracking":false,"_monsterinsights_sitenote_active":false,"_monsterinsights_sitenote_note":"","_monsterinsights_sitenote_category":0,"footnotes":""},"class_list":["post-15860","page","type-page","status-publish","hentry"],"aioseo_notices":[],"_links":{"self":[{"href":"https:\/\/www.rapsel.it\/en\/wp-json\/wp\/v2\/pages\/15860","targetHints":{"allow":["GET"]}}],"collection":[{"href":"https:\/\/www.rapsel.it\/en\/wp-json\/wp\/v2\/pages"}],"about":[{"href":"https:\/\/www.rapsel.it\/en\/wp-json\/wp\/v2\/types\/page"}],"author":[{"embeddable":true,"href":"https:\/\/www.rapsel.it\/en\/wp-json\/wp\/v2\/users\/1"}],"replies":[{"embeddable":true,"href":"https:\/\/www.rapsel.it\/en\/wp-json\/wp\/v2\/comments?post=15860"}],"version-history":[{"count":19,"href":"https:\/\/www.rapsel.it\/en\/wp-json\/wp\/v2\/pages\/15860\/revisions"}],"predecessor-version":[{"id":15884,"href":"https:\/\/www.rapsel.it\/en\/wp-json\/wp\/v2\/pages\/15860\/revisions\/15884"}],"wp:attachment":[{"href":"https:\/\/www.rapsel.it\/en\/wp-json\/wp\/v2\/media?parent=15860"}],"curies":[{"name":"wp","href":"https:\/\/api.w.org\/{rel}","templated":true}]}}