{"id":15846,"date":"2023-12-21T10:05:42","date_gmt":"2023-12-21T10:05:42","guid":{"rendered":"https:\/\/www.rapsel.it\/?page_id=15846"},"modified":"2024-03-26T17:55:26","modified_gmt":"2024-03-26T17:55:26","slug":"gio-ponti-2","status":"publish","type":"page","link":"https:\/\/www.rapsel.it\/en\/gio-ponti-2\/","title":{"rendered":"Gio Ponti"},"content":{"rendered":"<div data-elementor-type=\"wp-page\" data-elementor-id=\"15846\" class=\"elementor elementor-15846\">\n\t\t\t\t\t\t<section class=\"elementor-section elementor-top-section elementor-element elementor-element-a9986a1 elementor-section-full_width elementor-section-height-default elementor-section-height-default qodef-elementor-content-no\" data-id=\"a9986a1\" data-element_type=\"section\" data-e-type=\"section\" data-settings=\"{&quot;background_background&quot;:&quot;classic&quot;}\">\n\t\t\t\t\t\t<div class=\"elementor-container elementor-column-gap-default\">\n\t\t\t\t\t<div class=\"elementor-column elementor-col-50 elementor-top-column elementor-element elementor-element-35ff6db\" data-id=\"35ff6db\" data-element_type=\"column\" data-e-type=\"column\">\n\t\t\t<div class=\"elementor-widget-wrap elementor-element-populated\">\n\t\t\t\t\t\t<div class=\"elementor-element elementor-element-c05442a elementor-widget elementor-widget-spacer\" data-id=\"c05442a\" data-element_type=\"widget\" data-e-type=\"widget\" data-widget_type=\"spacer.default\">\n\t\t\t\t<div class=\"elementor-widget-container\">\n\t\t\t\t\t\t\t<div class=\"elementor-spacer\">\n\t\t\t<div class=\"elementor-spacer-inner\"><\/div>\n\t\t<\/div>\n\t\t\t\t\t\t<\/div>\n\t\t\t\t<\/div>\n\t\t\t\t<div class=\"elementor-element elementor-element-9c8de84 elementor-invisible elementor-widget elementor-widget-archicon_core_icon_with_text\" data-id=\"9c8de84\" data-element_type=\"widget\" data-e-type=\"widget\" data-settings=\"{&quot;_animation&quot;:&quot;fadeInLeft&quot;}\" data-widget_type=\"archicon_core_icon_with_text.default\">\n\t\t\t\t<div class=\"elementor-widget-container\">\n\t\t\t\t\t<div class=\"qodef-shortcode qodef-m  qodef-icon-with-text qodef-layout--before-content qodef--icon-pack\">\n\t<div class=\"qodef-m-icon-wrapper\" >\n\t\t<span class=\"qodef-shortcode qodef-m  qodef-icon-holder qodef-size--small qodef-layout--normal\"  >\t\t\t<a itemprop=\"url\" href=\"\/en\/designers\/\" target=\"_self\">\t\t\t<span class=\"qodef-icon-elegant-icons arrow_left qodef-icon qodef-e\" style=\"color: #FFFFFF\" ><\/span>\t\t\t<\/a>\t<\/span>\t<\/div>\n\t<div class=\"qodef-m-content\">\n\t\t\t<h5 class=\"qodef-m-title\" style=\"color: #FFFFFF\">\n\t\t\t\t\t<a itemprop=\"url\" href=\"\/en\/designers\/\" target=\"_self\">\n\t\t\t\t\t<span class=\"qodef-m-title-text\">Designers<\/span>\n\t\t\t\t\t<\/a>\n\t\t\t<\/h5>\n\t\t\t<\/div>\n<\/div>\n\t\t\t\t<\/div>\n\t\t\t\t<\/div>\n\t\t\t\t<div class=\"elementor-element elementor-element-0524d62 elementor-widget elementor-widget-archicon_core_section_title\" data-id=\"0524d62\" data-element_type=\"widget\" data-e-type=\"widget\" data-widget_type=\"archicon_core_section_title.default\">\n\t\t\t\t<div class=\"elementor-widget-container\">\n\t\t\t\t\t<div class=\"qodef-shortcode qodef-m  qodef-section-title qodef-alignment--left\"  >\n\t\t\t<h1 class=\"qodef-m-title\" style=\"color: #FFFFFF\">\n\t<span class=\"qodef-m-title-inner\" style=\"--qodef-st-custom-ls: -0.08em\">\n\t\t\tGio<br \/> <span class=\"qodef-m-highlight-text\" ><span class=\"qodef--original\">Ponti<\/span><span class=\"qodef--fake\" >Ponti<\/span><\/span>\t\t<\/span>\n\t<\/h1>\n\t\t<\/div>\n\t\t\t\t<\/div>\n\t\t\t\t<\/div>\n\t\t\t\t<div class=\"elementor-element elementor-element-4e89b10 elementor-widget elementor-widget-spacer\" data-id=\"4e89b10\" data-element_type=\"widget\" data-e-type=\"widget\" data-widget_type=\"spacer.default\">\n\t\t\t\t<div class=\"elementor-widget-container\">\n\t\t\t\t\t\t\t<div class=\"elementor-spacer\">\n\t\t\t<div class=\"elementor-spacer-inner\"><\/div>\n\t\t<\/div>\n\t\t\t\t\t\t<\/div>\n\t\t\t\t<\/div>\n\t\t\t\t<div class=\"elementor-element elementor-element-a8be3a7 elementor-widget elementor-widget-archicon_core_icon_with_text\" data-id=\"a8be3a7\" data-element_type=\"widget\" data-e-type=\"widget\" data-widget_type=\"archicon_core_icon_with_text.default\">\n\t\t\t\t<div class=\"elementor-widget-container\">\n\t\t\t\t\t<div class=\"qodef-shortcode qodef-m  qodef-icon-with-text qodef-layout--top qodef--custom-icon  qodef-alignment--left\">\n\t<div class=\"qodef-m-icon-wrapper\">\n\t\t\t\t\t<img decoding=\"async\" width=\"114\" height=\"115\" src=\"https:\/\/www.rapsel.it\/wp-content\/uploads\/2022\/04\/Group-1687.svg\" class=\"attachment-full size-full\" alt=\"d\" \/>\t\t<\/div>\n\t<div class=\"qodef-m-content\">\n\t\t\t\t\t<\/div>\n<\/div>\n\t\t\t\t<\/div>\n\t\t\t\t<\/div>\n\t\t\t\t<div class=\"elementor-element elementor-element-fdd52bf elementor-invisible elementor-widget elementor-widget-text-editor\" data-id=\"fdd52bf\" data-element_type=\"widget\" data-e-type=\"widget\" data-settings=\"{&quot;_animation&quot;:&quot;fadeInUp&quot;}\" data-widget_type=\"text-editor.default\">\n\t\t\t\t<div class=\"elementor-widget-container\">\n\t\t\t\t\t\t\t\t\t<h4 data-sourcepos=\"3:1-3:283\"><span style=\"color: #ffffff;\">Born in Milan in 1891 and passing away in the same city in 1979, Gio Ponti was a prolific architect and designer who left an indelible mark on Italian and international design.<\/span><\/h4><h4 data-sourcepos=\"5:1-5:272\"><span style=\"color: #ffffff;\"><strong>Ponti ha studiato architettura al Politecnico di Milano, dove si \u00e8 laureato nel 1921.<\/strong> Dopo la laurea, ha iniziato a lavorare come architetto freelance, e ha collaborato con numerosi altri architetti e designer, tra cui Giuseppe Terragni, Emilio Lancia e Lucio Fontana.<\/span><\/h4><h4 data-sourcepos=\"7:1-7:301\"><span style=\"color: #ffffff;\"><strong>Il lavoro di Ponti \u00e8 caratterizzato da un approccio olistico al design, che combina l&#8217;estetica con la funzionalit\u00e0 e la praticit\u00e0.<\/strong> I suoi progetti sono spesso ispirati alla natura e alla cultura, e si concentrano sulla creazione di ambienti e prodotti che siano belli, utili e accessibili a tutti.<\/span><\/h4><h4 data-sourcepos=\"9:1-9:196\"><span style=\"color: #ffffff;\"><strong>Ponti ha lavorato in una vasta gamma di campi, tra cui l&#8217;architettura, il design industriale, il design della comunicazione e il design di interni.<\/strong> Tra i suoi progetti pi\u00f9 importanti figurano:<\/span><\/h4><ul data-sourcepos=\"11:1-21:0\"><li data-sourcepos=\"11:1-12:63\"><h4 data-sourcepos=\"11:3-12:63\"><span style=\"color: #ffffff;\"><strong>Il grattacielo Pirelli di Milano<\/strong> (1956-1960)<\/span><\/h4><div class=\"image-container hide-from-message-actions ng-star-inserted\"><div class=\"overlay-container ng-star-inserted\"><span style=\"color: #ffffff;\"><a class=\"image-source-link ng-star-inserted\" style=\"color: #ffffff;\" href=\"https:\/\/it.wikipedia.org\/wiki\/Grattacielo_Pirelli\" target=\"_blank\" rel=\"noopener noreferrer\" aria-live=\"polite\"><span class=\"ng-star-inserted\" data-test-id=\"content\"><img decoding=\"async\" class=\"image\" src=\"https:\/\/encrypted-tbn1.gstatic.com\/images?q=tbn:ANd9GcR0vapkEH8oxZ2rX-e3QoumN8ZeWb6glVgcbBaukVXk8oA00kuL3XMHr7ZlYuvu\" alt=\"Image of Grattacielo Pirelli di Milano, progetto di Gio Ponti\" \/><\/span><\/a><\/span><\/div><\/div><\/li><li data-sourcepos=\"13:1-14:91\"><h4 data-sourcepos=\"13:3-14:91\"><span style=\"color: #ffffff;\"><strong>La Chiesa di San Francesco d&#8217;Assisi al Fuori Porta di Milano<\/strong> (1936-1939)<\/span><\/h4><div class=\"image-container hide-from-message-actions ng-star-inserted\"><div class=\"overlay-container ng-star-inserted\"><span style=\"color: #ffffff;\"><a class=\"image-source-link ng-star-inserted\" style=\"color: #ffffff;\" href=\"http:\/\/lemiepasseggiate.blogspot.com\/2017\/08\/chiesa-di-san-francesco-dassisi-al.html\" target=\"_blank\" rel=\"noopener noreferrer\" aria-live=\"polite\"><span class=\"ng-star-inserted\" data-test-id=\"content\"><img decoding=\"async\" class=\"image\" src=\"https:\/\/encrypted-tbn0.gstatic.com\/images?q=tbn:ANd9GcTe7P4PFjtwurvGtgTYXFoRB8w7RFZjv2p1LNe22GpHbeye7KBY5CWup3W6MHTm\" alt=\"Image of Chiesa di San Francesco d'Assisi al Fuori Porta di Milano, progetto di Gio Ponti\" \/><\/span><\/a><\/span><\/div><div>\u00a0<\/div><\/div><\/li><li data-sourcepos=\"15:1-16:66\"><h4 data-sourcepos=\"15:3-16:66\"><span style=\"color: #ffffff;\"><strong>La poltrona &#8220;Superleggera&#8221; per Cassina<\/strong> (1957)<\/span><\/h4><div class=\"image-container hide-from-message-actions ng-star-inserted\"><div class=\"overlay-container ng-star-inserted\"><span style=\"color: #ffffff;\"><a class=\"image-source-link ng-star-inserted\" style=\"color: #ffffff;\" href=\"https:\/\/www.casarredo.it\/prodotto\/699-gio-ponti\/\" target=\"_blank\" rel=\"noopener noreferrer\" aria-live=\"polite\"><span class=\"ng-star-inserted\" data-test-id=\"content\"><img decoding=\"async\" class=\"image\" src=\"https:\/\/encrypted-tbn0.gstatic.com\/images?q=tbn:ANd9GcQTSj328G6P71VmGgtLevlezKafMNhcyzUgKF-RsWCPFkv-qOF3RTdK5z-LiyBx\" alt=\"Image of Poltrona Superleggera di Cassina, progetto di Gio Ponti\" \/><\/span><\/a><\/span><\/div><\/div><\/li><li data-sourcepos=\"17:1-18:0\"><h4 data-sourcepos=\"17:3-17:52\"><span style=\"color: #ffffff;\"><strong>Il servizio di posate &#8220;Mica&#8221; per Alessi<\/strong> (1956)<\/span><\/h4><\/li><li data-sourcepos=\"19:1-21:0\"><h4 data-sourcepos=\"19:3-20:58\"><span style=\"color: #ffffff;\"><strong>Il logo della rivista &#8220;Domus&#8221;<\/strong> (1928)<\/span><\/h4><div class=\"image-container hide-from-message-actions ng-star-inserted\"><div class=\"overlay-container ng-star-inserted\"><span style=\"color: #ffffff;\"><a class=\"image-source-link ng-star-inserted\" style=\"color: #ffffff;\" href=\"https:\/\/www.ebay.it\/itm\/153402800644\" target=\"_blank\" rel=\"noopener noreferrer\" aria-live=\"polite\"><span class=\"ng-star-inserted\" data-test-id=\"content\"><img decoding=\"async\" class=\"image\" src=\"https:\/\/encrypted-tbn3.gstatic.com\/images?q=tbn:ANd9GcSFN8uAB0rD2JOaMzORkgGMDmfVjgMOqDiliEqXbYnDQhsFyvLDxArwsssoC8fQ\" alt=\"Image of Logo della rivista Domus, progetto di Gio Ponti\" \/><\/span><\/a><\/span><\/div><\/div><\/li><\/ul><h4 data-sourcepos=\"22:1-22:265\"><span style=\"color: #ffffff;\"><strong>Ponti \u00e8 stato anche un importante teorico del design.<\/strong> Ha scritto numerosi libri e articoli sulla storia del design e sulla metodologia della progettazione. Nel 1957 ha fondato la rivista &#8220;Domus&#8221;, che \u00e8 stata una delle pi\u00f9 importanti riviste di design del mondo.<\/span><\/h4><h4 data-sourcepos=\"24:1-24:248\"><span style=\"color: #ffffff;\"><strong>Il lavoro di Gio Ponti ha avuto un impatto significativo sul mondo del design.<\/strong> I suoi progetti sono stati ammirati da critici e appassionati di design di tutto il mondo, e hanno contribuito a definire lo stile del design italiano contemporaneo.<\/span><\/h4>\t\t\t\t\t\t\t\t<\/div>\n\t\t\t\t<\/div>\n\t\t\t\t<div class=\"elementor-element elementor-element-c95bea5 elementor-widget elementor-widget-spacer\" data-id=\"c95bea5\" data-element_type=\"widget\" data-e-type=\"widget\" data-widget_type=\"spacer.default\">\n\t\t\t\t<div class=\"elementor-widget-container\">\n\t\t\t\t\t\t\t<div class=\"elementor-spacer\">\n\t\t\t<div class=\"elementor-spacer-inner\"><\/div>\n\t\t<\/div>\n\t\t\t\t\t\t<\/div>\n\t\t\t\t<\/div>\n\t\t\t\t\t<\/div>\n\t\t<\/div>\n\t\t\t\t<div class=\"elementor-column elementor-col-50 elementor-top-column elementor-element elementor-element-b316975 qodef-sticky-column\" data-id=\"b316975\" data-element_type=\"column\" data-e-type=\"column\" data-settings=\"{&quot;background_background&quot;:&quot;classic&quot;}\">\n\t\t\t<div class=\"elementor-widget-wrap elementor-element-populated\">\n\t\t\t\t\t\t<div class=\"elementor-element elementor-element-2e9e9ae elementor-widget elementor-widget-spacer\" data-id=\"2e9e9ae\" data-element_type=\"widget\" data-e-type=\"widget\" data-widget_type=\"spacer.default\">\n\t\t\t\t<div class=\"elementor-widget-container\">\n\t\t\t\t\t\t\t<div class=\"elementor-spacer\">\n\t\t\t<div class=\"elementor-spacer-inner\"><\/div>\n\t\t<\/div>\n\t\t\t\t\t\t<\/div>\n\t\t\t\t<\/div>\n\t\t\t\t\t<\/div>\n\t\t<\/div>\n\t\t\t\t\t<\/div>\n\t\t<\/section>\n\t\t\t\t<\/div>","protected":false},"excerpt":{"rendered":"<p>Designers Gio PontiPonti Gio Ponti, nato Giovanni Ponti, \u00e8 stato un architetto e designer italiano nato a Milano nel 1891 e morto a Milano nel 1979. \u00c8 considerato uno dei pi\u00f9 importanti architetti italiani del XX secolo, e il suo lavoro ha avuto un impatto significativo sul design italiano e internazionale. Ponti ha studiato architettura [&hellip;]<\/p>\n","protected":false},"author":1,"featured_media":0,"parent":0,"menu_order":0,"comment_status":"closed","ping_status":"closed","template":"page-full-width.php","meta":{"_coblocks_attr":"","_coblocks_dimensions":"","_coblocks_responsive_height":"","_coblocks_accordion_ie_support":"","om_disable_all_campaigns":false,"_monsterinsights_skip_tracking":false,"_monsterinsights_sitenote_active":false,"_monsterinsights_sitenote_note":"","_monsterinsights_sitenote_category":0,"footnotes":""},"class_list":["post-15846","page","type-page","status-publish","hentry"],"aioseo_notices":[],"_links":{"self":[{"href":"https:\/\/www.rapsel.it\/en\/wp-json\/wp\/v2\/pages\/15846","targetHints":{"allow":["GET"]}}],"collection":[{"href":"https:\/\/www.rapsel.it\/en\/wp-json\/wp\/v2\/pages"}],"about":[{"href":"https:\/\/www.rapsel.it\/en\/wp-json\/wp\/v2\/types\/page"}],"author":[{"embeddable":true,"href":"https:\/\/www.rapsel.it\/en\/wp-json\/wp\/v2\/users\/1"}],"replies":[{"embeddable":true,"href":"https:\/\/www.rapsel.it\/en\/wp-json\/wp\/v2\/comments?post=15846"}],"version-history":[{"count":13,"href":"https:\/\/www.rapsel.it\/en\/wp-json\/wp\/v2\/pages\/15846\/revisions"}],"predecessor-version":[{"id":15891,"href":"https:\/\/www.rapsel.it\/en\/wp-json\/wp\/v2\/pages\/15846\/revisions\/15891"}],"wp:attachment":[{"href":"https:\/\/www.rapsel.it\/en\/wp-json\/wp\/v2\/media?parent=15846"}],"curies":[{"name":"wp","href":"https:\/\/api.w.org\/{rel}","templated":true}]}}